{"id":106,"date":"2024-11-07T16:26:55","date_gmt":"2024-11-07T15:26:55","guid":{"rendered":"https:\/\/www.4stars.it\/it\/?page_id=106"},"modified":"2025-02-21T09:13:03","modified_gmt":"2025-02-21T08:13:03","slug":"formazione-per-le-aziende","status":"publish","type":"page","link":"https:\/\/www.4stars.it\/it\/i-nostri-servizi-per-le-aziende\/formazione-per-le-aziende\/","title":{"rendered":"Formazione per le aziende"},"content":{"rendered":"<div class=\"wpb-content-wrapper\"><p>[vc_row][vc_column][vc_empty_space height=&#8221;34px&#8221; el_class=&#8221;emptyspace&#8221;][vc_column_text css=&#8221;&#8221;]<\/p>\n<p>Perch\u00e9 ti proponiamo un servizio di formazione per aziende?<\/p>\n<p>Ci\u00f2 che pu\u00f2 fare davvero la <strong>differenza nel percorso di crescita di un&#8217;azienda<\/strong>\u00a0\u00e8 l&#8217;approccio delle\u00a0<strong>persone che lavorano al suo interno.<\/strong><\/p>\n<p>Per questo \u00e8 fondamentale\u00a0<strong>dedicare momenti di lavoro alla formazione aziendale,<\/strong>\u00a0puntando sulle risorse umane, sul\u00a0<strong>miglioramento dei singoli<\/strong>\u00a0e sul\u00a0<strong>potenziamento della collaborazione<\/strong>\u00a0nelle aree e fra le aree.<\/p>\n<p>[\/vc_column_text][\/vc_column][vc_column][vc_empty_space height=&#8221;68px&#8221; el_class=&#8221;emptyspace&#8221;][vc_column_text css=&#8221;&#8221;]<\/p>\n<h2><span class=\"font-red\"><strong>Qual \u00e8 il percorso pi\u00f9 adatto alla tua azienda?<\/strong><\/span><\/h2>\n<p>[\/vc_column_text][vc_column_text css=&#8221;&#8221;]<\/p>\n<p class=\"sottotitolo\">Ti offriamo percorsi diversificati per incontrare al meglio le tue esigenze<\/p>\n<p>[\/vc_column_text][vc_empty_space height=&#8221;34px&#8221; el_class=&#8221;emptyspace&#8221;][vc_column_text css=&#8221;&#8221;]<\/p>\n<p>Da sempre la nostra consulenza passa anche dalla formazione aziendale. Ecco alcuni <strong>percorsi studiati per lavorare con modalit\u00e0 e obiettivi diversi<\/strong>:<\/p>\n<p>[\/vc_column_text][vc_empty_space height=&#8221;34px&#8221; el_class=&#8221;emptyspace&#8221;][\/vc_column][\/vc_row][vc_row css_animation=&#8221;fadeInUp&#8221;][vc_column][vc_separator][vc_column_text css=&#8221;&#8221;]<\/p>\n<h3><strong>\u00a0Business Coaching<\/strong><\/h3>\n<p>[\/vc_column_text][vc_column_text css=&#8221;&#8221;]<\/p>\n<p>Un <strong>percorso formativo individuale<\/strong>, per aiutare il singolo ad acquisire <strong>consapevolezza del proprio ruolo in azienda<\/strong>, delle proprie <strong>capacit\u00e0<\/strong> e del proprio <strong>potenziale di crescita<\/strong>.<\/p>\n<p>Una formazione utile per <strong>massimizzare la performance dei dipendenti<\/strong>, farli sentire appagati del proprio lavoro e, se necessario, per <strong>gestire conflitti relazionali<\/strong> all\u2019interno del team.<\/p>\n<p>[\/vc_column_text][vc_empty_space height=&#8221;24px&#8221; el_class=&#8221;emptyspace&#8221;]<div class=\"wpc-directory-cta \"><a class=\"button ancora  btn btn-default \" href=\"?provenienza=214#contattaci\" title=\"\" target=\"_self\" >Richiedi info<\/a><\/div>[vc_empty_space height=&#8221;68px&#8221; el_class=&#8221;emptyspace&#8221;][\/vc_column][\/vc_row][vc_row css_animation=&#8221;fadeInUp&#8221;][vc_column][vc_separator][vc_column_text css=&#8221;&#8221;]<\/p>\n<h3><strong>Formazione le 3A<\/strong><\/h3>\n<p>[\/vc_column_text][vc_column_text css=&#8221;&#8221;]<\/p>\n<p>Un <strong>percorso di gruppo dedicato alla forza del team<\/strong>, per imparare a stare meglio nel proprio ruolo e nella squadra.<\/p>\n<p>Gli <strong>obiettivi sono 3, associati ad altrettanti moduli formativi<\/strong>, brevi ed incisivi, rivolti in modo trasversale a tutti i ruoli e le aree aziendali e svolti in modo da <strong>radicare efficacemente i temi nella pratica quotidiana<\/strong> delle persone coinvolte.<\/p>\n<p>[\/vc_column_text][vc_empty_space height=&#8221;24px&#8221; el_class=&#8221;emptyspace&#8221;]<div class=\"wpc-directory-cta \"><a class=\"button ancora  btn btn-default \" href=\"?provenienza=215#contattaci\" title=\"\" target=\"_self\" >Richiedi info<\/a><\/div>[vc_empty_space height=&#8221;68px&#8221; el_class=&#8221;emptyspace&#8221;][\/vc_column][\/vc_row][vc_row css_animation=&#8221;fadeInUp&#8221;][vc_column][vc_separator][vc_column_text css=&#8221;&#8221;]<\/p>\n<h3><strong>Formazione le 3E<\/strong><\/h3>\n<p>[\/vc_column_text][vc_column_text css=&#8221;&#8221;]<\/p>\n<p>Un <strong>percorso di gruppo finalizzato a ottenere successo sul mercato,<\/strong>\u00a0partendo dalle figure che in azienda si occupano della vendita.<\/p>\n<p>La formazione comprende\u00a0<strong>3 moduli formativi,<\/strong>\u00a0brevi ed incisivi, per sviluppare e consolidare le\u00a0<strong>capacit\u00e0 di vendita,<\/strong>\u00a0trasformandole in una vera e propria abilit\u00e0 che passa\u00a0<strong>attraverso l\u2019affermazione del senso di appartenenza all\u2019azienda.<\/strong><\/p>\n<p>[\/vc_column_text][vc_empty_space height=&#8221;24px&#8221; el_class=&#8221;emptyspace&#8221;]<div class=\"wpc-directory-cta \"><a class=\"button ancora  btn btn-default \" href=\"?provenienza=216#contattaci\" title=\"\" target=\"_self\" >Richiedi info<\/a><\/div>[vc_empty_space height=&#8221;68px&#8221; el_class=&#8221;emptyspace&#8221;][\/vc_column][\/vc_row][vc_row][vc_column][vc_empty_space height=&#8221;68px&#8221; el_class=&#8221;emptyspace&#8221;][vc_column_text css=&#8221;&#8221;]<\/p>\n<h2><span class=\"font-red\"><strong>Il nostro formatore<\/strong><\/span><\/h2>\n<p>[\/vc_column_text][vc_column_text css=&#8221;&#8221;]<\/p>\n<p class=\"sottotitolo\">La guida perfetta per le tue formazioni aziendali<\/p>\n<p>[\/vc_column_text][vc_empty_space height=&#8221;34px&#8221; el_class=&#8221;emptyspace&#8221;][vc_column_text css=&#8221;&#8221;]<\/p>\n<p>I percorsi che offriamo vengono guidati da un formatore esperto, <strong>psicologo\u00a0con lunga esperienza nel\u00a0coaching manageriale<\/strong>, abile nel rivolgersi a profili diversi per seniority, settore e funzione.<\/p>\n<p>Il metodo applicato punta a\u00a0<strong>integrare aspetti cognitivi, emozionali e psicofisici<\/strong>, con attenzione alla declinazione pratica.<\/p>\n<p>[\/vc_column_text][vc_empty_space height=&#8221;68px&#8221; el_class=&#8221;emptyspace&#8221;][\/vc_column][\/vc_row][vc_row el_id=&#8221;contattaci&#8221;][vc_column]<div class=\"wrap-contact-form\">\r\n\t\t\t\t\t<script src=\"https:\/\/www.google.com\/recaptcha\/api.js?render=6LeIpZwqAAAAALq8SWzO9TdcKaGaWgm6vM-7pvGK\"><\/script>\r\n\t\t\t\t\t<div class=\"titolo\">Vuoi ricevere maggiori info sui nostri percorsi di formazione?<\/div>\r\n\t\t\t\t\t<div class=\"sottotitolo\">Lascia i tuoi dati e inviaci la tua richiesta, ti ricontatteremo al pi\u00f9 presto.<\/div><form id=\"contatti-form\" class=\"contatti-form standard has-validation-callback\" method=\"post\" action=\"\">\r\n\t\t\t\t<div class=\"form-row\">\r\n\t\t\t\r\n\t\t\t\t\t<div class=\"form-item w-col-12\">\r\n\t\t\t\t\t\t<select name=\"dati[id_provenienza]\" class=\"form-control\" required id=\"provenienza\">\r\n\t\t\t\t\t\t\t<option value=\"\">Interessato a<\/option>\r\n\t\t\t\t\t\t\t<option value=\"213\">Informazioni generiche sui servizi formazione azienda<\/option>\r\n\t\t\t\t\t\t\t<option value=\"214\">Richiesta informazioni - Business Coaching<\/option>\r\n\t\t\t\t\t\t\t<option value=\"215\">Richiesta informazioni - Formazione le 3A<\/option>\r\n\t\t\t\t\t\t\t<option value=\"216\">Richiesta informazioni - Formazione le 3E<\/option>\r\n\t\t\t\t\t\t<\/select>\r\n\t\t\t\t\t<\/div>\r\n\t\t\t\t\r\n\t\t\t\t\t<div class=\"form-item w-col-6\">\r\n\t\t\t\t\t\t<input type=\"text\" class=\"form-control\" name=\"dati[nome]\" placeholder=\"Nome*\" required>\r\n\t\t\t\t\t<\/div>\r\n\t\t\t\t\t<div class=\"form-item w-col-6\">\r\n\t\t\t\t\t\t<input type=\"text\" class=\"form-control\" name=\"dati[cognome]\" placeholder=\"Cognome*\" required>\r\n\t\t\t\t\t<\/div>\r\n\t\t\t\t\t<div class=\"form-item w-col-6\">\r\n\t\t\t\t\t\t<input type=\"email\" class=\"form-control\" name=\"dati[email]\" placeholder=\"Email*\" required>\r\n\t\t\t\t\t<\/div>\r\n\t\t\t\t\t<div class=\"form-item w-col-6\">\r\n\t\t\t\t\t\t<input type=\"tel\" class=\"form-control\" name=\"dati[telefono]\" placeholder=\"Telefono*\" required>\r\n\t\t\t\t\t<\/div>\r\n\t\t\t\t\t<div class=\"form-item w-col-6\">\r\n\t\t\t\t\t\t<input type=\"text\" class=\"form-control\" name=\"dati[azienda]\" placeholder=\"Azienda*\" required>\r\n\t\t\t\t\t<\/div>\r\n\t\t\t\t\t<div class=\"form-item w-col-6\">\r\n\t\t\t\t\t\t<input type=\"text\" class=\"form-control\" name=\"dati[piva]\" placeholder=\"Partita IVA*\" required>\r\n\t\t\t\t\t<\/div>\r\n\t\t\t\t<\/div>\r\n\t\t\t\t\r\n\t\t\t\t<div class=\"form-row\">\r\n\t\t\t\t\t<div class=\"form-item w-col-12\">\r\n\t\t\t\t\t\t<textarea class=\"form-control\" name=\"dati[nota]\" placeholder=\"Scrivi il tuo messaggio*\" required><\/textarea>\r\n\t\t\t\t\t<\/div>\r\n\t\t\t\t<\/div>\r\n\t\t\t\t\r\n\t\t\t\t<input type=\"hidden\" value=\"azienda\" name=\"dati[tipo_utente]\">\r\n\t\t\t\t<input type=\"hidden\" name=\"_g9FDYO\" value=\"1778793428:7e76cea27eb73e02238714605e2e9835dddcc693ec9f5e4ac9b8934f0f202a7b\">\r\n\t\t\t\t\t<div class=\"form-row\">\r\n\t\t\t\t\t\t<div class=\"form-item w-col-9\">\r\n\t\t\t\t\t\t\t<div class=\"testo-sede\">\r\n\t\t\t\t\t\t\t\t<input type=\"checkbox\" name=\"dati[privacy]\" required><span>Ho letto e compreso l'<a href=\"\/it\/privacy-policy\/\" class=\"link-informativa\" target=\"_blank\">informativa sul trattamento dei dati personali<\/a> e presto il mio consenso.*<\/span>\r\n\t\t\t\t\t\t\t<\/div>\r\n\t\t\t\t\t\t\t<div class=\"testo-recaptcha\">\r\n\t\t\t\t\t\t\t\t<span class=\"recaptcha-span form\">This site is protected by reCAPTCHA and the Google <a href=\"https:\/\/policies.google.com\/privacy\" target=\"_blank\">Privacy Policy<\/a> and <a href=\"https:\/\/policies.google.com\/terms\" target=\"_blank\">Terms of Service<\/a> apply.<\/span>\r\n\t\t\t\t\t\t\t<\/div>\r\n\t\t\t\t\t\t<\/div>\r\n\t\t\t\t\t\t<div class=\"form-item w-col-3\">\r\n\t\t\t\t\t\t\t<div class=\"submit\"><input type=\"submit\" class=\"button border btn-submit\" data-event=\"\" data-messaggio=\"\"><\/div>\r\n\t\t\t\t\t\t<\/div>\r\n\t\t\t\t\t<\/div>\r\n\t\t\t<\/form><\/div>[\/vc_column][\/vc_row]<\/p>\n<\/div>","protected":false},"excerpt":{"rendered":"<p>[vc_row][vc_column][vc_empty_space height=&#8221;34px&#8221; el_class=&#8221;emptyspace&#8221;][vc_column_text css=&#8221;&#8221;] Perch\u00e9 ti proponiamo un servizio di formazione per aziende? Ci\u00f2 che pu\u00f2 fare davvero la differenza nel percorso di crescita di un&#8217;azienda\u00a0\u00e8 l&#8217;approccio delle\u00a0persone che lavorano al suo interno. Per questo \u00e8 fondamentale\u00a0dedicare momenti di lavoro alla formazione aziendale,\u00a0puntando sulle risorse umane, sul\u00a0miglioramento dei singoli\u00a0e sul\u00a0potenziamento della collaborazione\u00a0nelle aree e fra [&hellip;]<\/p>\n","protected":false},"author":2,"featured_media":1237,"parent":22,"menu_order":4,"comment_status":"closed","ping_status":"closed","template":"","meta":{"_acf_changed":false,"footnotes":""},"class_list":["post-106","page","type-page","status-publish","hentry"],"acf":[],"yoast_head":"<!-- This site is optimized with the Yoast SEO plugin v27.6 - https:\/\/yoast.com\/product\/yoast-seo-wordpress\/ -->\n<title>Percorsi di formazione per le aziende e coaching<\/title>\n<meta name=\"description\" content=\"Formazioni di gruppo e business coaching individuale: percorsi di formazione per le aziende che vogliono crescere partendo dalle persone.\" \/>\n<meta name=\"robots\" content=\"index, follow, max-snippet:-1, max-image-preview:large, max-video-preview:-1\" \/>\n<link rel=\"canonical\" href=\"https:\/\/www.4stars.it\/it\/i-nostri-servizi-per-le-aziende\/formazione-per-le-aziende\/\" \/>\n<meta property=\"og:locale\" content=\"it_IT\" \/>\n<meta property=\"og:type\" content=\"article\" \/>\n<meta property=\"og:title\" content=\"Percorsi di formazione per le aziende e coaching\" \/>\n<meta property=\"og:description\" content=\"Formazioni di gruppo e business coaching individuale: percorsi di formazione per le aziende che vogliono crescere partendo dalle persone.\" \/>\n<meta property=\"og:url\" content=\"https:\/\/www.4stars.it\/it\/i-nostri-servizi-per-le-aziende\/formazione-per-le-aziende\/\" \/>\n<meta property=\"og:site_name\" content=\"FourStars\" \/>\n<meta property=\"article:publisher\" content=\"https:\/\/www.facebook.com\/4stars.sportellostage\" \/>\n<meta property=\"article:modified_time\" content=\"2025-02-21T08:13:03+00:00\" \/>\n<meta property=\"og:image\" content=\"https:\/\/www.4stars.it\/it\/wp-content\/uploads\/2024\/12\/formazione-per-le-aziende.jpg\" \/>\n\t<meta property=\"og:image:width\" content=\"1200\" \/>\n\t<meta property=\"og:image:height\" content=\"628\" \/>\n\t<meta property=\"og:image:type\" content=\"image\/jpeg\" \/>\n<meta name=\"twitter:card\" content=\"summary_large_image\" \/>\n<script type=\"application\/ld+json\" class=\"yoast-schema-graph\">{\"@context\":\"https:\\\/\\\/schema.org\",\"@graph\":[{\"@type\":\"WebPage\",\"@id\":\"https:\\\/\\\/www.4stars.it\\\/it\\\/i-nostri-servizi-per-le-aziende\\\/formazione-per-le-aziende\\\/\",\"url\":\"https:\\\/\\\/www.4stars.it\\\/it\\\/i-nostri-servizi-per-le-aziende\\\/formazione-per-le-aziende\\\/\",\"name\":\"Percorsi di formazione per le aziende e coaching\",\"isPartOf\":{\"@id\":\"https:\\\/\\\/www.4stars.it\\\/it\\\/#website\"},\"primaryImageOfPage\":{\"@id\":\"https:\\\/\\\/www.4stars.it\\\/it\\\/i-nostri-servizi-per-le-aziende\\\/formazione-per-le-aziende\\\/#primaryimage\"},\"image\":{\"@id\":\"https:\\\/\\\/www.4stars.it\\\/it\\\/i-nostri-servizi-per-le-aziende\\\/formazione-per-le-aziende\\\/#primaryimage\"},\"thumbnailUrl\":\"https:\\\/\\\/www.4stars.it\\\/it\\\/wp-content\\\/uploads\\\/2024\\\/12\\\/formazione-per-le-aziende.jpg\",\"datePublished\":\"2024-11-07T15:26:55+00:00\",\"dateModified\":\"2025-02-21T08:13:03+00:00\",\"description\":\"Formazioni di gruppo e business coaching individuale: percorsi di formazione per le aziende che vogliono crescere partendo dalle persone.\",\"breadcrumb\":{\"@id\":\"https:\\\/\\\/www.4stars.it\\\/it\\\/i-nostri-servizi-per-le-aziende\\\/formazione-per-le-aziende\\\/#breadcrumb\"},\"inLanguage\":\"it-IT\",\"potentialAction\":[{\"@type\":\"ReadAction\",\"target\":[\"https:\\\/\\\/www.4stars.it\\\/it\\\/i-nostri-servizi-per-le-aziende\\\/formazione-per-le-aziende\\\/\"]}]},{\"@type\":\"ImageObject\",\"inLanguage\":\"it-IT\",\"@id\":\"https:\\\/\\\/www.4stars.it\\\/it\\\/i-nostri-servizi-per-le-aziende\\\/formazione-per-le-aziende\\\/#primaryimage\",\"url\":\"https:\\\/\\\/www.4stars.it\\\/it\\\/wp-content\\\/uploads\\\/2024\\\/12\\\/formazione-per-le-aziende.jpg\",\"contentUrl\":\"https:\\\/\\\/www.4stars.it\\\/it\\\/wp-content\\\/uploads\\\/2024\\\/12\\\/formazione-per-le-aziende.jpg\",\"width\":1200,\"height\":628,\"caption\":\"formazione per le aziende\"},{\"@type\":\"BreadcrumbList\",\"@id\":\"https:\\\/\\\/www.4stars.it\\\/it\\\/i-nostri-servizi-per-le-aziende\\\/formazione-per-le-aziende\\\/#breadcrumb\",\"itemListElement\":[{\"@type\":\"ListItem\",\"position\":1,\"name\":\"Home\",\"item\":\"https:\\\/\\\/www.4stars.it\\\/it\\\/\"},{\"@type\":\"ListItem\",\"position\":2,\"name\":\"HP Azienda\",\"item\":\"https:\\\/\\\/www.4stars.it\\\/it\\\/i-nostri-servizi-per-le-aziende\\\/\"},{\"@type\":\"ListItem\",\"position\":3,\"name\":\"Formazione per le aziende\"}]},{\"@type\":\"WebSite\",\"@id\":\"https:\\\/\\\/www.4stars.it\\\/it\\\/#website\",\"url\":\"https:\\\/\\\/www.4stars.it\\\/it\\\/\",\"name\":\"FourStars\",\"description\":\"\",\"publisher\":{\"@id\":\"https:\\\/\\\/www.4stars.it\\\/it\\\/#organization\"},\"alternateName\":\"4Stars\",\"potentialAction\":[{\"@type\":\"SearchAction\",\"target\":{\"@type\":\"EntryPoint\",\"urlTemplate\":\"https:\\\/\\\/www.4stars.it\\\/it\\\/?s={search_term_string}\"},\"query-input\":{\"@type\":\"PropertyValueSpecification\",\"valueRequired\":true,\"valueName\":\"search_term_string\"}}],\"inLanguage\":\"it-IT\"},{\"@type\":\"Organization\",\"@id\":\"https:\\\/\\\/www.4stars.it\\\/it\\\/#organization\",\"name\":\"FourStars\",\"url\":\"https:\\\/\\\/www.4stars.it\\\/it\\\/\",\"logo\":{\"@type\":\"ImageObject\",\"inLanguage\":\"it-IT\",\"@id\":\"https:\\\/\\\/www.4stars.it\\\/it\\\/#\\\/schema\\\/logo\\\/image\\\/\",\"url\":\"https:\\\/\\\/www.4stars.it\\\/it\\\/wp-content\\\/uploads\\\/2024\\\/11\\\/4stars-logo-payoff.png\",\"contentUrl\":\"https:\\\/\\\/www.4stars.it\\\/it\\\/wp-content\\\/uploads\\\/2024\\\/11\\\/4stars-logo-payoff.png\",\"width\":1000,\"height\":502,\"caption\":\"FourStars\"},\"image\":{\"@id\":\"https:\\\/\\\/www.4stars.it\\\/it\\\/#\\\/schema\\\/logo\\\/image\\\/\"},\"sameAs\":[\"https:\\\/\\\/www.facebook.com\\\/4stars.sportellostage\",\"https:\\\/\\\/it.linkedin.com\\\/company\\\/fourstars-sportellostage\",\"https:\\\/\\\/www.instagram.com\\\/4stars_stage_lavoro\"]}]}<\/script>\n<!-- \/ Yoast SEO plugin. -->","yoast_head_json":{"title":"Percorsi di formazione per le aziende e coaching","description":"Formazioni di gruppo e business coaching individuale: percorsi di formazione per le aziende che vogliono crescere partendo dalle persone.","robots":{"index":"index","follow":"follow","max-snippet":"max-snippet:-1","max-image-preview":"max-image-preview:large","max-video-preview":"max-video-preview:-1"},"canonical":"https:\/\/www.4stars.it\/it\/i-nostri-servizi-per-le-aziende\/formazione-per-le-aziende\/","og_locale":"it_IT","og_type":"article","og_title":"Percorsi di formazione per le aziende e coaching","og_description":"Formazioni di gruppo e business coaching individuale: percorsi di formazione per le aziende che vogliono crescere partendo dalle persone.","og_url":"https:\/\/www.4stars.it\/it\/i-nostri-servizi-per-le-aziende\/formazione-per-le-aziende\/","og_site_name":"FourStars","article_publisher":"https:\/\/www.facebook.com\/4stars.sportellostage","article_modified_time":"2025-02-21T08:13:03+00:00","og_image":[{"width":1200,"height":628,"url":"https:\/\/www.4stars.it\/it\/wp-content\/uploads\/2024\/12\/formazione-per-le-aziende.jpg","type":"image\/jpeg"}],"twitter_card":"summary_large_image","schema":{"@context":"https:\/\/schema.org","@graph":[{"@type":"WebPage","@id":"https:\/\/www.4stars.it\/it\/i-nostri-servizi-per-le-aziende\/formazione-per-le-aziende\/","url":"https:\/\/www.4stars.it\/it\/i-nostri-servizi-per-le-aziende\/formazione-per-le-aziende\/","name":"Percorsi di formazione per le aziende e coaching","isPartOf":{"@id":"https:\/\/www.4stars.it\/it\/#website"},"primaryImageOfPage":{"@id":"https:\/\/www.4stars.it\/it\/i-nostri-servizi-per-le-aziende\/formazione-per-le-aziende\/#primaryimage"},"image":{"@id":"https:\/\/www.4stars.it\/it\/i-nostri-servizi-per-le-aziende\/formazione-per-le-aziende\/#primaryimage"},"thumbnailUrl":"https:\/\/www.4stars.it\/it\/wp-content\/uploads\/2024\/12\/formazione-per-le-aziende.jpg","datePublished":"2024-11-07T15:26:55+00:00","dateModified":"2025-02-21T08:13:03+00:00","description":"Formazioni di gruppo e business coaching individuale: percorsi di formazione per le aziende che vogliono crescere partendo dalle persone.","breadcrumb":{"@id":"https:\/\/www.4stars.it\/it\/i-nostri-servizi-per-le-aziende\/formazione-per-le-aziende\/#breadcrumb"},"inLanguage":"it-IT","potentialAction":[{"@type":"ReadAction","target":["https:\/\/www.4stars.it\/it\/i-nostri-servizi-per-le-aziende\/formazione-per-le-aziende\/"]}]},{"@type":"ImageObject","inLanguage":"it-IT","@id":"https:\/\/www.4stars.it\/it\/i-nostri-servizi-per-le-aziende\/formazione-per-le-aziende\/#primaryimage","url":"https:\/\/www.4stars.it\/it\/wp-content\/uploads\/2024\/12\/formazione-per-le-aziende.jpg","contentUrl":"https:\/\/www.4stars.it\/it\/wp-content\/uploads\/2024\/12\/formazione-per-le-aziende.jpg","width":1200,"height":628,"caption":"formazione per le aziende"},{"@type":"BreadcrumbList","@id":"https:\/\/www.4stars.it\/it\/i-nostri-servizi-per-le-aziende\/formazione-per-le-aziende\/#breadcrumb","itemListElement":[{"@type":"ListItem","position":1,"name":"Home","item":"https:\/\/www.4stars.it\/it\/"},{"@type":"ListItem","position":2,"name":"HP Azienda","item":"https:\/\/www.4stars.it\/it\/i-nostri-servizi-per-le-aziende\/"},{"@type":"ListItem","position":3,"name":"Formazione per le aziende"}]},{"@type":"WebSite","@id":"https:\/\/www.4stars.it\/it\/#website","url":"https:\/\/www.4stars.it\/it\/","name":"FourStars","description":"","publisher":{"@id":"https:\/\/www.4stars.it\/it\/#organization"},"alternateName":"4Stars","potentialAction":[{"@type":"SearchAction","target":{"@type":"EntryPoint","urlTemplate":"https:\/\/www.4stars.it\/it\/?s={search_term_string}"},"query-input":{"@type":"PropertyValueSpecification","valueRequired":true,"valueName":"search_term_string"}}],"inLanguage":"it-IT"},{"@type":"Organization","@id":"https:\/\/www.4stars.it\/it\/#organization","name":"FourStars","url":"https:\/\/www.4stars.it\/it\/","logo":{"@type":"ImageObject","inLanguage":"it-IT","@id":"https:\/\/www.4stars.it\/it\/#\/schema\/logo\/image\/","url":"https:\/\/www.4stars.it\/it\/wp-content\/uploads\/2024\/11\/4stars-logo-payoff.png","contentUrl":"https:\/\/www.4stars.it\/it\/wp-content\/uploads\/2024\/11\/4stars-logo-payoff.png","width":1000,"height":502,"caption":"FourStars"},"image":{"@id":"https:\/\/www.4stars.it\/it\/#\/schema\/logo\/image\/"},"sameAs":["https:\/\/www.facebook.com\/4stars.sportellostage","https:\/\/it.linkedin.com\/company\/fourstars-sportellostage","https:\/\/www.instagram.com\/4stars_stage_lavoro"]}]}},"_links":{"self":[{"href":"https:\/\/www.4stars.it\/it\/wp-json\/wp\/v2\/pages\/106","targetHints":{"allow":["GET"]}}],"collection":[{"href":"https:\/\/www.4stars.it\/it\/wp-json\/wp\/v2\/pages"}],"about":[{"href":"https:\/\/www.4stars.it\/it\/wp-json\/wp\/v2\/types\/page"}],"author":[{"embeddable":true,"href":"https:\/\/www.4stars.it\/it\/wp-json\/wp\/v2\/users\/2"}],"replies":[{"embeddable":true,"href":"https:\/\/www.4stars.it\/it\/wp-json\/wp\/v2\/comments?post=106"}],"version-history":[{"count":0,"href":"https:\/\/www.4stars.it\/it\/wp-json\/wp\/v2\/pages\/106\/revisions"}],"up":[{"embeddable":true,"href":"https:\/\/www.4stars.it\/it\/wp-json\/wp\/v2\/pages\/22"}],"wp:featuredmedia":[{"embeddable":true,"href":"https:\/\/www.4stars.it\/it\/wp-json\/wp\/v2\/media\/1237"}],"wp:attachment":[{"href":"https:\/\/www.4stars.it\/it\/wp-json\/wp\/v2\/media?parent=106"}],"curies":[{"name":"wp","href":"https:\/\/api.w.org\/{rel}","templated":true}]}}