{"id":121,"date":"2024-11-07T16:31:17","date_gmt":"2024-11-07T15:31:17","guid":{"rendered":"https:\/\/www.4stars.it\/it\/?page_id=121"},"modified":"2024-12-19T16:14:09","modified_gmt":"2024-12-19T15:14:09","slug":"domande-e-risposte","status":"publish","type":"page","link":"https:\/\/www.4stars.it\/it\/i-nostri-strumenti-per-i-candidati\/domande-e-risposte\/","title":{"rendered":"Domande e risposte"},"content":{"rendered":"<div class=\"wpb-content-wrapper\"><p>[vc_section][vc_row][vc_column][vc_empty_space height=&#8221;58px&#8221; el_class=&#8221;emptyspace&#8221;][vc_column_text css=&#8221;&#8221;]<\/p>\n<p>Non esistono domande sbagliate o superflue.<\/p>\n<p>Per questo abbiamo raccolto <strong>i quesiti pi\u00f9 frequenti ricevuti da candidati e stagisti<\/strong>, in modo da offrirti un primo ventaglio di risposte ai dubbi che potresti avere rispetto all\u2019<strong>attivazione del tuo stage<\/strong>, al colloquio che devi sostenere per una <strong>selezione<\/strong> o al percorso di <strong>career coaching<\/strong> che stai valutando di intraprendere.<\/p>\n<p>[\/vc_column_text][vc_empty_space height=&#8221;58px&#8221; el_class=&#8221;emptyspace&#8221;][\/vc_column][\/vc_row][\/vc_section][vc_section][vc_row][vc_column][vc_separator][vc_column_text css=&#8221;&#8221;]<\/p>\n<h3><strong>Attivazione stage<\/strong><\/h3>\n<p>[\/vc_column_text][vc_empty_space height=&#8221;24px&#8221; el_class=&#8221;emptyspace&#8221;][vc_toggle title=&#8221;A cosa serve un tirocinio o stage?&#8221; css=&#8221;&#8221;]<\/p>\n<p>Il tirocinio o stage \u00e8 un periodo di &#8220;apprendimento in azienda&#8221;, che permette di imparare una professione o un mestiere, attraverso la pratica reale. Ogni stage prevede l&#8217;affiancamento di una persona qualificata (tutor) che segue lo stagista nel corso del tirocinio e lo guida.<\/p>\n<p>[\/vc_toggle][vc_toggle title=&#8221;Stage e tirocinio sono due cose diverse?&#8221; css=&#8221;&#8221;]<\/p>\n<p>No, stage e tirocinio sono la stessa cosa.<\/p>\n<p>[\/vc_toggle][vc_toggle title=&#8221;Esiste solo un tipo di tirocinio o stage?&#8221; css=&#8221;&#8221;]<\/p>\n<p>No, lo stage o tirocinio si differenzia in curriculare ed extracurriculare.<\/p>\n<p>[\/vc_toggle][vc_toggle title=&#8221;Che differenza c&#8217;\u00e8 fra stage curriculari e extracurriculari?&#8221; css=&#8221;&#8221;]<\/p>\n<p>Lo stage o tirocinio curriculare \u00e8 un periodo di apprendimento in azienda previsto nell&#8217;ambito di un percorso formativo. Il tirocinio curriculare viene solitamente promosso da un ente di formazione riconosciuto, come ad esempio l&#8217;Universit\u00e0 (pu\u00f2 essere finalizzato all&#8217;ottenimento di crediti formativi, propedeutico alla tesi di laurea o al conseguimento del titolo accademico). Si considerano stage curriculari anche le esperienze di Alternanza Scuola Lavoro, promosse dagli istituti scolastici.<\/p>\n<p>[\/vc_toggle][vc_toggle title=&#8221;Come funziona uno stage o tirocinio?&#8221; css=&#8221;&#8221;]<\/p>\n<p>Gli attori sono tre: lo stagista o tirocinante, che si inserisce in una realt\u00e0 lavorativa accettandone consuetudini e doveri, il tutor dell&#8217;azienda ospitante, responsabile della formazione e dell&#8217;inserimento nel contesto lavorativo, il tutor di FourStars, che supervisiona il tirocinio e ne garantisce il corretto svolgimento.<\/p>\n<p>[\/vc_toggle][vc_toggle title=&#8221;Se faccio uno stage o tirocinio extracurriculare ho diritto a una retribuzione?&#8221; css=&#8221;&#8221;]<\/p>\n<p>S\u00ec, sempre. \u00c8 previsto un compenso minimo obbligatorio, che varia in base alla normativa di attivazione del tirocinio: da un minimo di 300 a un massimo di 800 euro lordi mensili. Ovviamente l&#8217;azienda ospitante pu\u00f2 decidere di riconoscere un compenso mensile pi\u00f9 alto.<\/p>\n<p>[\/vc_toggle][vc_toggle title=&#8221;Se faccio uno stage o tirocinio curriculare ho diritto a una retribuzione?&#8221; css=&#8221;&#8221;]<\/p>\n<p>No. Gli stage o tirocini curriculari, non prevedono un compenso minimo obbligatorio. Sar\u00e0 facolt\u00e0 dell&#8217;azienda ospitante corrispondere un compenso o meno e, nel caso, definirne l&#8217;entit\u00e0.<\/p>\n<p>[\/vc_toggle][vc_toggle title=&#8221;Da chi ricever\u00f2 il compenso?&#8221; css=&#8221;&#8221;]<\/p>\n<p>Il compenso viene erogato dall&#8217;azienda ospitante.<\/p>\n<p>[\/vc_toggle][vc_toggle title=&#8221;Fino a che et\u00e0 si pu\u00f2 fare uno stage o tirocinio?&#8221; css=&#8221;&#8221;]<\/p>\n<p>La normativa non indica un limite di et\u00e0.<\/p>\n<p>[\/vc_toggle][vc_empty_space el_class=&#8221;emptyspace&#8221;][vc_row_inner][vc_column_inner][vc_column_text css=&#8221;&#8221;]<\/p>\n<div><a class=\"bloglink\" href=\"https:\/\/www.4stars.it\/blog\/tirocinio-informazioni-per-lo-stagista\/\" target=\"_blank\" rel=\"noopener\"><img decoding=\"async\" src=\"https:\/\/www.4stars.it\/it\/wp-content\/themes\/fourstars\/images\/ico_blog.jpg\" alt=\"Blog\" \/><br \/>\n<label><span class=\"etichetta\">Approfondisci sul nostro Blog4S<\/span><\/label><\/a><\/div>\n<p>[\/vc_column_text][\/vc_column_inner][\/vc_row_inner][vc_empty_space height=&#8221;58px&#8221; el_class=&#8221;emptyspace&#8221;][\/vc_column][\/vc_row][vc_row][vc_column][vc_separator][vc_column_text css=&#8221;&#8221;]<\/p>\n<h3><strong>Ricerca e selezione<br \/>\n<\/strong><\/h3>\n<p>[\/vc_column_text][vc_empty_space height=&#8221;24px&#8221; el_class=&#8221;emptyspace&#8221;][vc_toggle title=&#8221;Come funziona il percorso di ricerca e selezione?&#8221; css=&#8221;&#8221;]<\/p>\n<p>FourStars definisce insieme all&#8217;azienda il profilo da ricercare e selezionare. Promuoviamo la ricerca attraverso annunci che pubblichiamo sul nostro sito e su altri siti dedicati alla ricerca e selezione di personale. Vagliamo i curricula dei candidati che hanno risposto all&#8217;annuncio, selezioniamo quelli pi\u00f9 in linea con la ricerca e li convochiamo a colloquio. I candidati adatti alla posizione offerta vengono presentati all&#8217;azienda. Solitamente presentiamo un numero ristretto di candidati, che l&#8217;azienda incontra per selezionare la persona pi\u00f9 adatta.<\/p>\n<p>[\/vc_toggle][vc_toggle title=&#8221;Quanto tempo passa dall&#8217;invio del CV all&#8217;incontro con i selezionatori?&#8221; css=&#8221;&#8221;]<\/p>\n<p>Se l&#8217;invio del CV \u00e8 legato a uno specifico progetto di ricerca e selezione e il profilo \u00e8 in linea con la ricerca, massimo 10 giorni.<\/p>\n<p>[\/vc_toggle][vc_toggle title=&#8221;Quanto tempo passa fra il colloquio con la societ\u00e0 di ricerca e selezione e l&#8217;incontro con l&#8217;azienda?&#8221; css=&#8221;&#8221;]<\/p>\n<p>Solitamente una settimana.<\/p>\n<p>[\/vc_toggle][vc_toggle title=&#8221;Quanto tempo passa dall&#8217;incontro con l&#8217;azienda alla comunicazione del suo esito?&#8221; css=&#8221;&#8221;]<\/p>\n<p>Due o tre settimane.<\/p>\n<p>[\/vc_toggle][vc_toggle title=&#8221;\u00c8 possibile candidarsi a pi\u00f9 offerte di ricerca e selezione contemporaneamente?&#8221; css=&#8221;&#8221;]<\/p>\n<p>Si. Sar\u00e0 poi il selezionatore durante l&#8217;intervista ad aiutarvi a definire quale opportunit\u00e0 lavorativa sia pi\u00f9 coerente con il vostro percorso di studi, la vostra personalit\u00e0 e le vostre aspettative.<\/p>\n<p>[\/vc_toggle][vc_toggle title=&#8221;Il CV viene inserito in una banca dati per eventuali altre offerte di stage o lavoro?&#8221; css=&#8221;&#8221;]<\/p>\n<p>Si, se viene dato il consenso da parte del candidato, che comunque potr\u00e0 in qualunque momento chiedere l&#8217;eliminazione del suo nominativo dal database. I dati personali verranno trattati in accordo con il Regolamento UE 2016\/679 e il D.Lgs 196\/03 e ss.mm.ii.<\/p>\n<p>[\/vc_toggle][vc_empty_space el_class=&#8221;emptyspace&#8221;][vc_row_inner][vc_column_inner][vc_column_text css=&#8221;&#8221;]<\/p>\n<div><a class=\"bloglink\" href=\"https:\/\/www.4stars.it\/blog\/colloquio-di-lavoro-consigli\/\" target=\"_blank\" rel=\"noopener\"><img decoding=\"async\" src=\"https:\/\/www.4stars.it\/it\/wp-content\/themes\/fourstars\/images\/ico_blog.jpg\" alt=\"Blog\" \/><br \/>\n<label><span class=\"etichetta\">Approfondisci sul nostro Blog4S<\/span><\/label><\/a><\/div>\n<p>[\/vc_column_text][\/vc_column_inner][\/vc_row_inner][vc_empty_space height=&#8221;58px&#8221; el_class=&#8221;emptyspace&#8221;][\/vc_column][\/vc_row][vc_row][vc_column][vc_separator][vc_column_text css=&#8221;&#8221;]<\/p>\n<h3><strong>Career Coaching<br \/>\n<\/strong><\/h3>\n<p>[\/vc_column_text][vc_empty_space height=&#8221;24px&#8221; el_class=&#8221;emptyspace&#8221;][vc_toggle title=&#8221;Il percorso di Junior Career Coaching ha un costo?&#8221; css=&#8221;&#8221;]<\/p>\n<p>S\u00ec, si tratta di un servizio a pagamento.<\/p>\n<p>[\/vc_toggle][vc_toggle title=&#8221;Quali sono le modalit\u00e0 di erogazione del percorso?&#8221; css=&#8221;&#8221;]<\/p>\n<p>Il percorso si articola in varie proposte, differenziate per grado di approfondimento, tra le quali candidato e coach scelgono in base all\u2019esigenza del professionista. Gli incontri si svolgono online, tramite un\u2019apposita piattaforma per videoconferenze.<\/p>\n<p>[\/vc_toggle][vc_toggle title=&#8221;Il Coaching mi permetter\u00e0 di trovare lavoro?&#8221; css=&#8221;&#8221;]<\/p>\n<p>S\u00ec, il coaching \u00e8 finalizzato indirettamente a trovare lavoro, in quanto ti consentir\u00e0 di individuare la direzione da prendere e rafforzare la consapevolezza sulla tua professionalit\u00e0. Il percorso non prevede per\u00f2 una fase di placement.<\/p>\n<p>[\/vc_toggle][vc_toggle title=&#8221;Il Career Coaching si rivolge solo a chi sta cercando il primo lavoro?&#8221; css=&#8221;&#8221;]<\/p>\n<p>No. Il percorso \u00e8 adatto sia a laureandi e neolaureati che si apprestano per la prima volta a cercare lavoro, ma anche a giovani professionisti che vogliono attuare un cambiamento nel proprio percorso lavorativo.<\/p>\n<p>[\/vc_toggle][vc_toggle title=&#8221;Chi eroga il percorso?&#8221; css=&#8221;&#8221;]<\/p>\n<p>Il percorso \u00e8 guidato da un Coach di apertura internazionale con credenziali ICF (International Coaching Federation), giovane e con background in ambito psicologico.<\/p>\n<p>[\/vc_toggle][vc_empty_space el_class=&#8221;emptyspace&#8221;][vc_empty_space height=&#8221;58px&#8221; el_class=&#8221;emptyspace&#8221;][\/vc_column][\/vc_row][\/vc_section][vc_row][vc_column]<div class=\"wrap-contact-form\">\r\n\t\t\t\t\t<script src=\"https:\/\/www.google.com\/recaptcha\/api.js?render=6LeIpZwqAAAAALq8SWzO9TdcKaGaWgm6vM-7pvGK\"><\/script>\r\n\t\t\t\t\t<div class=\"titolo\">Non hai trovato la risposta che cercavi?<\/div>\r\n\t\t\t\t\t<div class=\"sottotitolo\">Lascia i tuoi dati e inviaci la tua domanda, ti risponderemo al pi\u00f9 presto<\/div><form id=\"contatti-form\" class=\"contatti-form standard azienda has-validation-callback\" method=\"post\" action=\"\">\r\n\t\t\r\n                            <div class=\"form-row\">\r\n                                <div class=\"form-item w-col-6\">\r\n                                    <input type=\"text\" class=\"form-control\" name=\"dati[nome]\" placeholder=\"Nome*\" required>\r\n                                <\/div>\r\n                                <div class=\"form-item w-col-6\">\r\n                                    <input type=\"text\" class=\"form-control\" name=\"dati[cognome]\" placeholder=\"Cognome*\" required>\r\n                                <\/div>\r\n                                <div class=\"form-item w-col-6\">\r\n                                    <input type=\"email\" class=\"form-control\" name=\"dati[email]\" placeholder=\"Email*\" required>\r\n                                <\/div>\r\n                                <div class=\"form-item w-col-6\">\r\n                                    <input type=\"tel\" class=\"form-control\" name=\"dati[telefono]\" placeholder=\"Telefono*\" required>\r\n                                <\/div>\r\n\t\t\t\t\t\t\t\t<input type=\"hidden\" value=\"candidato\" name=\"dati[tipo_utente]\"><\/div>\r\n\t\t\t\t\t\t\t\t\r\n\t\t\t\t\t\t\t<div class=\"form-row\">\r\n\t\t\t\t\t\t\t\t<div class=\"form-item w-col-12\">\r\n\t\t\t\t\t\t\t\t<textarea class=\"form-control\" name=\"dati[nota]\" placeholder=\"Scrivi il tuo messaggio*\" required><\/textarea>\r\n\t\t\t\t\t\t\t\t<\/div>\r\n\t\t\t\t\t\t\t<\/div>\r\n\t\t\t\t\t\t\t\t\r\n\t\t\t\t\t\t\t<input type=\"hidden\" value=\"227\" name=\"dati[id_provenienza]\"><input type=\"hidden\" name=\"_g9FDYO\" value=\"1777566865:13f98417ab4503e5ff9e8f88719067279462a8f54a5c1e625b71221989355b95\">\r\n\t\t\t\t\t<div class=\"form-row\">\r\n\t\t\t\t\t\t<div class=\"form-item w-col-9\">\r\n\t\t\t\t\t\t\t<div class=\"testo-sede\">\r\n\t\t\t\t\t\t\t\t<input type=\"checkbox\" name=\"dati[privacy]\" required><span>Ho letto e compreso l'<a href=\"\/it\/privacy-policy\/\" class=\"link-informativa\" target=\"_blank\">informativa sul trattamento dei dati personali<\/a> e presto il mio consenso.*<\/span>\r\n\t\t\t\t\t\t\t<\/div>\r\n\t\t\t\t\t\t\t<div class=\"testo-recaptcha\">\r\n\t\t\t\t\t\t\t\t<span class=\"recaptcha-span form\">This site is protected by reCAPTCHA and the Google <a href=\"https:\/\/policies.google.com\/privacy\" target=\"_blank\">Privacy Policy<\/a> and <a href=\"https:\/\/policies.google.com\/terms\" target=\"_blank\">Terms of Service<\/a> apply.<\/span>\r\n\t\t\t\t\t\t\t<\/div>\r\n\t\t\t\t\t\t<\/div>\r\n\t\t\t\t\t\t<div class=\"form-item w-col-3\">\r\n\t\t\t\t\t\t\t<div class=\"submit\"><input type=\"submit\" class=\"button border btn-submit\" data-event=\"\" data-messaggio=\"\"><\/div>\r\n\t\t\t\t\t\t<\/div>\r\n\t\t\t\t\t<\/div>\r\n\t\t\t<\/form><\/div>[\/vc_column][\/vc_row]<\/p>\n<\/div>","protected":false},"excerpt":{"rendered":"<p>[vc_section][vc_row][vc_column][vc_empty_space height=&#8221;58px&#8221; el_class=&#8221;emptyspace&#8221;][vc_column_text css=&#8221;&#8221;] Non esistono domande sbagliate o superflue. Per questo abbiamo raccolto i quesiti pi\u00f9 frequenti ricevuti da candidati e stagisti, in modo da offrirti un primo ventaglio di risposte ai dubbi che potresti avere rispetto all\u2019attivazione del tuo stage, al colloquio che devi sostenere per una selezione o al percorso di career [&hellip;]<\/p>\n","protected":false},"author":2,"featured_media":1293,"parent":113,"menu_order":4,"comment_status":"closed","ping_status":"closed","template":"","meta":{"_acf_changed":false,"footnotes":""},"class_list":["post-121","page","type-page","status-publish","hentry"],"acf":[],"yoast_head":"<!-- This site is optimized with the Yoast SEO plugin v27.5 - https:\/\/yoast.com\/product\/yoast-seo-wordpress\/ -->\n<title>Domande e risposte candidati: tutte le FAQ sui servizi 4Stars<\/title>\n<meta name=\"description\" content=\"Domande e risposte candidati: come funzionano lo stage e i processi di selezione del personale e i link agli approfondimenti dal nostro blog\" \/>\n<meta name=\"robots\" content=\"index, follow, max-snippet:-1, max-image-preview:large, max-video-preview:-1\" \/>\n<link rel=\"canonical\" href=\"https:\/\/www.4stars.it\/it\/i-nostri-strumenti-per-i-candidati\/domande-e-risposte\/\" \/>\n<meta property=\"og:locale\" content=\"it_IT\" \/>\n<meta property=\"og:type\" content=\"article\" \/>\n<meta property=\"og:title\" content=\"Domande e risposte candidati: tutte le FAQ sui servizi 4Stars\" \/>\n<meta property=\"og:description\" content=\"Domande e risposte candidati: come funzionano lo stage e i processi di selezione del personale e i link agli approfondimenti dal nostro blog\" \/>\n<meta property=\"og:url\" content=\"https:\/\/www.4stars.it\/it\/i-nostri-strumenti-per-i-candidati\/domande-e-risposte\/\" \/>\n<meta property=\"og:site_name\" content=\"FourStars\" \/>\n<meta property=\"article:publisher\" content=\"https:\/\/www.facebook.com\/4stars.sportellostage\" \/>\n<meta property=\"article:modified_time\" content=\"2024-12-19T15:14:09+00:00\" \/>\n<meta property=\"og:image\" content=\"https:\/\/www.4stars.it\/it\/wp-content\/uploads\/2024\/12\/domande-e-risposte-candidati.jpg\" \/>\n\t<meta property=\"og:image:width\" content=\"1200\" \/>\n\t<meta property=\"og:image:height\" content=\"628\" \/>\n\t<meta property=\"og:image:type\" content=\"image\/jpeg\" \/>\n<meta name=\"twitter:card\" content=\"summary_large_image\" \/>\n<script type=\"application\/ld+json\" class=\"yoast-schema-graph\">{\"@context\":\"https:\\\/\\\/schema.org\",\"@graph\":[{\"@type\":\"WebPage\",\"@id\":\"https:\\\/\\\/www.4stars.it\\\/it\\\/i-nostri-strumenti-per-i-candidati\\\/domande-e-risposte\\\/\",\"url\":\"https:\\\/\\\/www.4stars.it\\\/it\\\/i-nostri-strumenti-per-i-candidati\\\/domande-e-risposte\\\/\",\"name\":\"Domande e risposte candidati: tutte le FAQ sui servizi 4Stars\",\"isPartOf\":{\"@id\":\"https:\\\/\\\/www.4stars.it\\\/it\\\/#website\"},\"primaryImageOfPage\":{\"@id\":\"https:\\\/\\\/www.4stars.it\\\/it\\\/i-nostri-strumenti-per-i-candidati\\\/domande-e-risposte\\\/#primaryimage\"},\"image\":{\"@id\":\"https:\\\/\\\/www.4stars.it\\\/it\\\/i-nostri-strumenti-per-i-candidati\\\/domande-e-risposte\\\/#primaryimage\"},\"thumbnailUrl\":\"https:\\\/\\\/www.4stars.it\\\/it\\\/wp-content\\\/uploads\\\/2024\\\/12\\\/domande-e-risposte-candidati.jpg\",\"datePublished\":\"2024-11-07T15:31:17+00:00\",\"dateModified\":\"2024-12-19T15:14:09+00:00\",\"description\":\"Domande e risposte candidati: come funzionano lo stage e i processi di selezione del personale e i link agli approfondimenti dal nostro blog\",\"breadcrumb\":{\"@id\":\"https:\\\/\\\/www.4stars.it\\\/it\\\/i-nostri-strumenti-per-i-candidati\\\/domande-e-risposte\\\/#breadcrumb\"},\"inLanguage\":\"it-IT\",\"potentialAction\":[{\"@type\":\"ReadAction\",\"target\":[\"https:\\\/\\\/www.4stars.it\\\/it\\\/i-nostri-strumenti-per-i-candidati\\\/domande-e-risposte\\\/\"]}]},{\"@type\":\"ImageObject\",\"inLanguage\":\"it-IT\",\"@id\":\"https:\\\/\\\/www.4stars.it\\\/it\\\/i-nostri-strumenti-per-i-candidati\\\/domande-e-risposte\\\/#primaryimage\",\"url\":\"https:\\\/\\\/www.4stars.it\\\/it\\\/wp-content\\\/uploads\\\/2024\\\/12\\\/domande-e-risposte-candidati.jpg\",\"contentUrl\":\"https:\\\/\\\/www.4stars.it\\\/it\\\/wp-content\\\/uploads\\\/2024\\\/12\\\/domande-e-risposte-candidati.jpg\",\"width\":1200,\"height\":628,\"caption\":\"domande e risposte candidati\"},{\"@type\":\"BreadcrumbList\",\"@id\":\"https:\\\/\\\/www.4stars.it\\\/it\\\/i-nostri-strumenti-per-i-candidati\\\/domande-e-risposte\\\/#breadcrumb\",\"itemListElement\":[{\"@type\":\"ListItem\",\"position\":1,\"name\":\"Home\",\"item\":\"https:\\\/\\\/www.4stars.it\\\/it\\\/\"},{\"@type\":\"ListItem\",\"position\":2,\"name\":\"I nostri strumenti per i candidati\",\"item\":\"https:\\\/\\\/www.4stars.it\\\/it\\\/i-nostri-strumenti-per-i-candidati\\\/\"},{\"@type\":\"ListItem\",\"position\":3,\"name\":\"Domande e risposte\"}]},{\"@type\":\"WebSite\",\"@id\":\"https:\\\/\\\/www.4stars.it\\\/it\\\/#website\",\"url\":\"https:\\\/\\\/www.4stars.it\\\/it\\\/\",\"name\":\"FourStars\",\"description\":\"\",\"publisher\":{\"@id\":\"https:\\\/\\\/www.4stars.it\\\/it\\\/#organization\"},\"alternateName\":\"4Stars\",\"potentialAction\":[{\"@type\":\"SearchAction\",\"target\":{\"@type\":\"EntryPoint\",\"urlTemplate\":\"https:\\\/\\\/www.4stars.it\\\/it\\\/?s={search_term_string}\"},\"query-input\":{\"@type\":\"PropertyValueSpecification\",\"valueRequired\":true,\"valueName\":\"search_term_string\"}}],\"inLanguage\":\"it-IT\"},{\"@type\":\"Organization\",\"@id\":\"https:\\\/\\\/www.4stars.it\\\/it\\\/#organization\",\"name\":\"FourStars\",\"url\":\"https:\\\/\\\/www.4stars.it\\\/it\\\/\",\"logo\":{\"@type\":\"ImageObject\",\"inLanguage\":\"it-IT\",\"@id\":\"https:\\\/\\\/www.4stars.it\\\/it\\\/#\\\/schema\\\/logo\\\/image\\\/\",\"url\":\"https:\\\/\\\/www.4stars.it\\\/it\\\/wp-content\\\/uploads\\\/2024\\\/11\\\/4stars-logo-payoff.png\",\"contentUrl\":\"https:\\\/\\\/www.4stars.it\\\/it\\\/wp-content\\\/uploads\\\/2024\\\/11\\\/4stars-logo-payoff.png\",\"width\":1000,\"height\":502,\"caption\":\"FourStars\"},\"image\":{\"@id\":\"https:\\\/\\\/www.4stars.it\\\/it\\\/#\\\/schema\\\/logo\\\/image\\\/\"},\"sameAs\":[\"https:\\\/\\\/www.facebook.com\\\/4stars.sportellostage\",\"https:\\\/\\\/it.linkedin.com\\\/company\\\/fourstars-sportellostage\",\"https:\\\/\\\/www.instagram.com\\\/4stars_stage_lavoro\"]}]}<\/script>\n<!-- \/ Yoast SEO plugin. -->","yoast_head_json":{"title":"Domande e risposte candidati: tutte le FAQ sui servizi 4Stars","description":"Domande e risposte candidati: come funzionano lo stage e i processi di selezione del personale e i link agli approfondimenti dal nostro blog","robots":{"index":"index","follow":"follow","max-snippet":"max-snippet:-1","max-image-preview":"max-image-preview:large","max-video-preview":"max-video-preview:-1"},"canonical":"https:\/\/www.4stars.it\/it\/i-nostri-strumenti-per-i-candidati\/domande-e-risposte\/","og_locale":"it_IT","og_type":"article","og_title":"Domande e risposte candidati: tutte le FAQ sui servizi 4Stars","og_description":"Domande e risposte candidati: come funzionano lo stage e i processi di selezione del personale e i link agli approfondimenti dal nostro blog","og_url":"https:\/\/www.4stars.it\/it\/i-nostri-strumenti-per-i-candidati\/domande-e-risposte\/","og_site_name":"FourStars","article_publisher":"https:\/\/www.facebook.com\/4stars.sportellostage","article_modified_time":"2024-12-19T15:14:09+00:00","og_image":[{"width":1200,"height":628,"url":"https:\/\/www.4stars.it\/it\/wp-content\/uploads\/2024\/12\/domande-e-risposte-candidati.jpg","type":"image\/jpeg"}],"twitter_card":"summary_large_image","schema":{"@context":"https:\/\/schema.org","@graph":[{"@type":"WebPage","@id":"https:\/\/www.4stars.it\/it\/i-nostri-strumenti-per-i-candidati\/domande-e-risposte\/","url":"https:\/\/www.4stars.it\/it\/i-nostri-strumenti-per-i-candidati\/domande-e-risposte\/","name":"Domande e risposte candidati: tutte le FAQ sui servizi 4Stars","isPartOf":{"@id":"https:\/\/www.4stars.it\/it\/#website"},"primaryImageOfPage":{"@id":"https:\/\/www.4stars.it\/it\/i-nostri-strumenti-per-i-candidati\/domande-e-risposte\/#primaryimage"},"image":{"@id":"https:\/\/www.4stars.it\/it\/i-nostri-strumenti-per-i-candidati\/domande-e-risposte\/#primaryimage"},"thumbnailUrl":"https:\/\/www.4stars.it\/it\/wp-content\/uploads\/2024\/12\/domande-e-risposte-candidati.jpg","datePublished":"2024-11-07T15:31:17+00:00","dateModified":"2024-12-19T15:14:09+00:00","description":"Domande e risposte candidati: come funzionano lo stage e i processi di selezione del personale e i link agli approfondimenti dal nostro blog","breadcrumb":{"@id":"https:\/\/www.4stars.it\/it\/i-nostri-strumenti-per-i-candidati\/domande-e-risposte\/#breadcrumb"},"inLanguage":"it-IT","potentialAction":[{"@type":"ReadAction","target":["https:\/\/www.4stars.it\/it\/i-nostri-strumenti-per-i-candidati\/domande-e-risposte\/"]}]},{"@type":"ImageObject","inLanguage":"it-IT","@id":"https:\/\/www.4stars.it\/it\/i-nostri-strumenti-per-i-candidati\/domande-e-risposte\/#primaryimage","url":"https:\/\/www.4stars.it\/it\/wp-content\/uploads\/2024\/12\/domande-e-risposte-candidati.jpg","contentUrl":"https:\/\/www.4stars.it\/it\/wp-content\/uploads\/2024\/12\/domande-e-risposte-candidati.jpg","width":1200,"height":628,"caption":"domande e risposte candidati"},{"@type":"BreadcrumbList","@id":"https:\/\/www.4stars.it\/it\/i-nostri-strumenti-per-i-candidati\/domande-e-risposte\/#breadcrumb","itemListElement":[{"@type":"ListItem","position":1,"name":"Home","item":"https:\/\/www.4stars.it\/it\/"},{"@type":"ListItem","position":2,"name":"I nostri strumenti per i candidati","item":"https:\/\/www.4stars.it\/it\/i-nostri-strumenti-per-i-candidati\/"},{"@type":"ListItem","position":3,"name":"Domande e risposte"}]},{"@type":"WebSite","@id":"https:\/\/www.4stars.it\/it\/#website","url":"https:\/\/www.4stars.it\/it\/","name":"FourStars","description":"","publisher":{"@id":"https:\/\/www.4stars.it\/it\/#organization"},"alternateName":"4Stars","potentialAction":[{"@type":"SearchAction","target":{"@type":"EntryPoint","urlTemplate":"https:\/\/www.4stars.it\/it\/?s={search_term_string}"},"query-input":{"@type":"PropertyValueSpecification","valueRequired":true,"valueName":"search_term_string"}}],"inLanguage":"it-IT"},{"@type":"Organization","@id":"https:\/\/www.4stars.it\/it\/#organization","name":"FourStars","url":"https:\/\/www.4stars.it\/it\/","logo":{"@type":"ImageObject","inLanguage":"it-IT","@id":"https:\/\/www.4stars.it\/it\/#\/schema\/logo\/image\/","url":"https:\/\/www.4stars.it\/it\/wp-content\/uploads\/2024\/11\/4stars-logo-payoff.png","contentUrl":"https:\/\/www.4stars.it\/it\/wp-content\/uploads\/2024\/11\/4stars-logo-payoff.png","width":1000,"height":502,"caption":"FourStars"},"image":{"@id":"https:\/\/www.4stars.it\/it\/#\/schema\/logo\/image\/"},"sameAs":["https:\/\/www.facebook.com\/4stars.sportellostage","https:\/\/it.linkedin.com\/company\/fourstars-sportellostage","https:\/\/www.instagram.com\/4stars_stage_lavoro"]}]}},"_links":{"self":[{"href":"https:\/\/www.4stars.it\/it\/wp-json\/wp\/v2\/pages\/121","targetHints":{"allow":["GET"]}}],"collection":[{"href":"https:\/\/www.4stars.it\/it\/wp-json\/wp\/v2\/pages"}],"about":[{"href":"https:\/\/www.4stars.it\/it\/wp-json\/wp\/v2\/types\/page"}],"author":[{"embeddable":true,"href":"https:\/\/www.4stars.it\/it\/wp-json\/wp\/v2\/users\/2"}],"replies":[{"embeddable":true,"href":"https:\/\/www.4stars.it\/it\/wp-json\/wp\/v2\/comments?post=121"}],"version-history":[{"count":0,"href":"https:\/\/www.4stars.it\/it\/wp-json\/wp\/v2\/pages\/121\/revisions"}],"up":[{"embeddable":true,"href":"https:\/\/www.4stars.it\/it\/wp-json\/wp\/v2\/pages\/113"}],"wp:featuredmedia":[{"embeddable":true,"href":"https:\/\/www.4stars.it\/it\/wp-json\/wp\/v2\/media\/1293"}],"wp:attachment":[{"href":"https:\/\/www.4stars.it\/it\/wp-json\/wp\/v2\/media?parent=121"}],"curies":[{"name":"wp","href":"https:\/\/api.w.org\/{rel}","templated":true}]}}