{"id":257,"date":"2024-11-18T16:13:48","date_gmt":"2024-11-18T15:13:48","guid":{"rendered":"https:\/\/www.4stars.it\/it\/?page_id=257"},"modified":"2024-12-18T18:14:40","modified_gmt":"2024-12-18T17:14:40","slug":"termini-e-condizioni","status":"publish","type":"page","link":"https:\/\/www.4stars.it\/it\/termini-e-condizioni\/","title":{"rendered":"Termini e Condizioni"},"content":{"rendered":"<div class=\"wpb-content-wrapper\"><p>[vc_section][vc_row][vc_column][vc_empty_space][\/vc_column][\/vc_row][vc_row][vc_column][vc_column_text css=&#8221;&#8221;]<\/p>\n<p>La presente sezione fornisce indicazioni <strong>sui termini e condizioni di utilizzo dei servizi di FourStars<\/strong>.<\/p>\n<p>Per agevolare la lettura, ti consigliamo di \u201caprire\u201d un paragrafo alla volta.<\/p>\n<p>[\/vc_column_text][\/vc_column][\/vc_row][\/vc_section][vc_row][vc_column][vc_empty_space][\/vc_column][\/vc_row][vc_row][vc_column][vc_toggle title=&#8221;Utilizzo dei sevizi&#8221; css=&#8221;&#8221;]<\/p>\n<p>Chiunque intenda utilizzare uno dei Servizi di FourStars S.r.l. deve <strong>preventivamente registrarsi quale cliente<\/strong> (di seguito, &#8220;Cliente&#8221; o &#8220;Clienti&#8221;) alla Piattaforma FourStars e <strong>si impegna ad utilizzare i Servizi, esclusivamente per scopi leciti e ammessi dalle vigenti disposizioni di legge applicabili,<\/strong> dagli usi e consuetudini, dalle regole di diligenza, in ogni caso senza ledere diritti di qualsivoglia terzo, utente del mezzo di comunicazione o meno, e ponendo particolare riguardo alle norme di protezione dei dati, alle leggi in materia di protezione della propriet\u00e0 intellettuale e industriale ed alla normativa in materia di telecomunicazioni.<\/p>\n<p><strong>L\u2019utente si assume interamente ed esclusivamente ogni responsabilit\u00e0 sul contenuto dei messaggi e dei testi inviati<\/strong> da parte sua o a suo nome a terzi tramite i Servizi forniti da FourStars S.r.l., attraverso il sito web e\/o la Piattaforma, riconoscendosene unico responsabile e sollevando FourStars S.r.l., nonch\u00e9 i soggetti ad essa collegati o da essa controllati, i suoi rappresentanti, i dipendenti nonch\u00e9 qualsivoglia partner di FourStars S.r.l. da qualsivoglia conseguente richiesta di danno o rivalsa e rimborsando FourStars S.r.l. di ogni costo derivante da pretese o azioni di terzi nei suoi confronti per danni causati dal Cliente o da persone autorizzate dal Cliente ad accedere ai Servizi.<\/p>\n<p>In aggiunta a quanto previsto dal Codice Etico pubblicato sul sito web di FourStars S.r.l vengono di seguito riportate alcune <strong>norme di comportamento che l&#8217;azienda adotta per la gestione dei propri profili Social<\/strong>. Si ricorda che ogni utente che possiede e utilizza un proprio profilo sui social network utilizzati da FourStars ha accettato le norme e le condizioni di utilizzo del social network specifico liberando FourStars S.r.l. nonch\u00e9 i soggetti ad essa collegati o da essa controllati, i suoi rappresentanti, i dipendenti nonch\u00e9 qualsivoglia partner di FourStars S.r.l. da ogni responsabilit\u00e0 causata da eventuali comportamenti o utilizzi impropri dello stesso.<\/p>\n<p>[\/vc_toggle][vc_toggle title=&#8221;Utilizzo della piattaforma&#8221; css=&#8221;&#8221;]<\/p>\n<p>La <strong>piattaforma<\/strong> \u201cFourStars\u201d \u00e8 uno <strong>strumento web based sviluppato e di propriet\u00e0 di FourStars S.r.l.<\/strong>, azienda italiana con sede legale in Milano &#8211; 20145, via M. Buonarroti 18, P. IVA\/C.F. 13859470968, in persona del Legale rappresentante Dott.ssa Chiara Grosso, finalizzato all\u2019interscambio di dati tra le parti, in modo da rendere pi\u00f9 agevole la richiesta e l\u2019erogazione del servizio, attraverso una serie di form creati da FourStars S.r.l. sulla base dei soli dati necessari (cd. Principio di minimizzazione) ad erogare il singolo servizio, determinati \u2013ove possibile- in base alla normativa di settore applicabile.<\/p>\n<p><strong>L&#8217;utilizzo della Piattaforma FourStars da parte dell\u2019utente non implica l&#8217;acquisto di alcuna licenza<\/strong> da parte sua o la cessione di qualsiasi diritto sulla Piattaforma all\u2019utente.<\/p>\n<p>\u00c8 <strong>esclusa qualsiasi responsabilit\u00e0<\/strong> di FourStars S.r.l. e\/o di FourStars Social I.S. S.r.l. <strong>derivante dall\u2019utilizzo della Piattaforma<\/strong> da parte dell\u2019utente per finalit\u00e0 diverse o comunque non conformi allo scopo originario.<\/p>\n<p>Salvo eccezioni appositamente concordate, <strong>i dati degli utenti vengono inseriti dall\u2019utente stesso<\/strong> che ne assicura, sotto la propria esclusiva responsabilit\u00e0, la completezza e la veridicit\u00e0. FourStars S.r.l. nonch\u00e9 i soggetti ad essa collegati o da essa controllati, i suoi rappresentanti, i dipendenti nonch\u00e9 qualsivoglia partner di FourStars S.r.l., declina ogni responsabilit\u00e0 derivante dall\u2019inserimento nella Piattaforma di dati falsi, incompleti o non corretti.<\/p>\n<p>La registrazione alla Piattaforma avviene mediante l\u2019utilizzo di<strong> credenziali personali, una username fornita da FourStars S.r.l. e una password<\/strong>. Le credenziali di accesso alla Piattaforma sono conservate ad esclusiva cura dell\u2019utente, che cura la regolare sostituzione della password.<\/p>\n<p>Registrandosi al servizio ed utilizzando la Piattaforma,<strong> l\u2019utente accetta ed \u00e8 consapevole che le operazioni compiute potranno essere oggetto di monitoraggio da parte di FourStars S.r.l.<\/strong>, al fine di consentire l\u2019erogazione del servizio, lo svolgimento delle proprie finalit\u00e0 istituzionali e per esigenze di controllo e manutenzione della Piattaforma stessa. Nel caso in compimento di attivit\u00e0 criminose compiute dagli utenti attraverso i sistemi di FourStars S.r.l., i dati saranno comunicati alle competenti Autorit\u00e0.<\/p>\n<p>Tutte le <strong>informazioni di carattere testuale, grafico e tecnico<\/strong> di cui l\u2019utente possa avere conoscenza attraverso l&#8217;uso della predetta Piattaforma sono considerate come informazioni strettamente confidenziali e riservate. \u00c8 fatto <strong>divieto all\u2019utente di diffondere o comunicare, con qualsiasi mezzo, sia direttamente che per interposta persona, tali informazioni a soggetti terzi<\/strong> nonch\u00e9 riprodurne il contenuto e\/o le grafiche, anche solo parzialmente. <strong>L&#8217;obbligo di riservatezza grava sull\u2019utente e sui soggetti a lui collegati e resta in vigore per 10 anni dalla fine del rapporto tra l\u2019utente e FourStars S.r.l. salvo diverso accordo<\/strong>. FourStars S.r.l. si riserva fin da questo momento il diritto di agire in giudizio a tutela dei propri interessi.<\/p>\n<p>FourStars S.r.l. declina ogni responsabilit\u00e0 derivante da interruzione del servizio e\/o malfunzionamento derivante da causa di forza maggiore, a titolo esemplificativo interruzione dell\u2019erogazione della corrente elettrica sulla rete.<\/p>\n<p>[\/vc_toggle][vc_toggle title=&#8221;Obiettivo della comunicazione social media&#8221; css=&#8221;&#8221;]<\/p>\n<p class=\"p1\">FourStars utilizza i <strong>principali social network come mezzo attraverso il quale diffondere le iniziative aziendali e i contenuti del sito istituzionale<\/strong> con l&#8217;obiettivo di\u00a0offrire stimolo di conversazione con i propri utenti. Allo stesso tempo propone contenuti di fonti esterne che possono essere di interesse e aiuto ai propri lettori\u00a0senza alcuna finalit\u00e0 di lucro o profitto.<\/p>\n<p>[\/vc_toggle][vc_toggle title=&#8221;Contenuti dei canali social e Blog&#8221; css=&#8221;&#8221;]<\/p>\n<p>Tutti i <strong>contenuti<\/strong> (testuali, grafici, immagini, video, audio, anche in combinazione tra loro, ecc.) <strong>pubblicati da FourStars S.r.l. sul proprio sito web e\/o sui propri profili Social sono tutelati dalla normativa sul diritto d\u2019autore e diritto di immagine<\/strong>. La loro riproduzione da parte di terzi \u00e8 vietata salvo apposito accordo scritto.<\/p>\n<p>I commenti e i post degli utenti rappresentano l&#8217;opinione dei singoli e non quella di FourStars che non pu\u00f2 essere ritenuta\u00a0responsabile della loro veridicit\u00e0 o meno. FourStars S.r.l. si riserva di rimuovere commenti come indicato al paragrafo <strong>\u201cModerazione delle Conversazioni\u201d<\/strong>.<\/p>\n<p>[\/vc_toggle][vc_toggle title=&#8221;Note relative agli avvertimenti sul copyright&#8221; css=&#8221;&#8221;]<\/p>\n<p class=\"p1\"><strong>FourStars S.r.l. rimuover\u00e0 quei contenuti<\/strong> (fotografie, video o contenuti multimediali) <strong>che riceveranno richieste di rimozione legittime e complete<\/strong>. Se si ritiene che la\u00a0propria opera protetta da copyright sia stata pubblicata su FourStars S.r.l. senza autorizzazione, \u00e8 possibile inviare una notifica di violazione del copyright. <strong>Tali\u00a0richieste devono essere presentate solo dal titolare del copyright o da un agente autorizzato<\/strong> ad agire per conto del titolare. Se si \u00e8 scelto di richiedere la\u00a0rimozione di contenuti inviando una notifica di violazione, \u00e8 opportuno ricordare che in tal modo \u00e8 stato avviato un procedimento legale. Non presentare false\u00a0rivendicazioni. Inviare una notifica di violazione se si rappresenta una societ\u00e0 e si detengono i diritti esclusivi su una grande quantit\u00e0 di contenuti che richiedono\u00a0una regolare amministrazione online dei diritti.<\/p>\n<p>[\/vc_toggle][vc_toggle title=&#8221;Moderazione delle conversazioni&#8221; css=&#8221;&#8221;]<\/p>\n<p>Lo staff social FourStars \u00e8 a disposizione per accogliere le <strong>richieste di assistenza inerenti le attivit\u00e0 aziendali<\/strong> sviluppate in Italia secondo i seguenti\u00a0orari: <strong>dal luned\u00ec al venerd\u00ec dalle ore 9.30 alle ore 18.00<\/strong>. I tempi di risposta variano a seconda della richiesta. La risposta sar\u00e0 data in privato oppure\u00a0pubblicamente in base alla natura della domanda.<\/p>\n<p>[\/vc_toggle][\/vc_column][\/vc_row]<\/p>\n<\/div>","protected":false},"excerpt":{"rendered":"<p>[vc_section][vc_row][vc_column][vc_empty_space][\/vc_column][\/vc_row][vc_row][vc_column][vc_column_text css=&#8221;&#8221;] La presente sezione fornisce indicazioni sui termini e condizioni di utilizzo dei servizi di FourStars. Per agevolare la lettura, ti consigliamo di \u201caprire\u201d un paragrafo alla volta. [\/vc_column_text][\/vc_column][\/vc_row][\/vc_section][vc_row][vc_column][vc_empty_space][\/vc_column][\/vc_row][vc_row][vc_column][vc_toggle title=&#8221;Utilizzo dei sevizi&#8221; css=&#8221;&#8221;] Chiunque intenda utilizzare uno dei Servizi di FourStars S.r.l. deve preventivamente registrarsi quale cliente (di seguito, &#8220;Cliente&#8221; o &#8220;Clienti&#8221;) alla Piattaforma [&hellip;]<\/p>\n","protected":false},"author":2,"featured_media":1315,"parent":0,"menu_order":999,"comment_status":"closed","ping_status":"closed","template":"","meta":{"_acf_changed":false,"footnotes":""},"class_list":["post-257","page","type-page","status-publish","hentry"],"acf":[],"yoast_head":"<!-- This site is optimized with the Yoast SEO plugin v27.5 - https:\/\/yoast.com\/product\/yoast-seo-wordpress\/ -->\n<title>Termini e Condizioni - FourStars<\/title>\n<meta name=\"description\" content=\"Termini e Condizioni: scopri tutte le indicazioni sui termini e condizioni di utilizzo dei servizi di FourStars.\" \/>\n<meta name=\"robots\" content=\"index, follow, max-snippet:-1, max-image-preview:large, max-video-preview:-1\" \/>\n<link rel=\"canonical\" href=\"https:\/\/www.4stars.it\/it\/termini-e-condizioni\/\" \/>\n<meta property=\"og:locale\" content=\"it_IT\" \/>\n<meta property=\"og:type\" content=\"article\" \/>\n<meta property=\"og:title\" content=\"Termini e Condizioni - FourStars\" \/>\n<meta property=\"og:description\" content=\"Termini e Condizioni: scopri tutte le indicazioni sui termini e condizioni di utilizzo dei servizi di FourStars.\" \/>\n<meta property=\"og:url\" content=\"https:\/\/www.4stars.it\/it\/termini-e-condizioni\/\" \/>\n<meta property=\"og:site_name\" content=\"FourStars\" \/>\n<meta property=\"article:publisher\" content=\"https:\/\/www.facebook.com\/4stars.sportellostage\" \/>\n<meta property=\"article:modified_time\" content=\"2024-12-18T17:14:40+00:00\" \/>\n<meta property=\"og:image\" content=\"https:\/\/www.4stars.it\/it\/wp-content\/uploads\/2024\/12\/termini-e-condizioni.jpg\" \/>\n\t<meta property=\"og:image:width\" content=\"1200\" \/>\n\t<meta property=\"og:image:height\" content=\"628\" \/>\n\t<meta property=\"og:image:type\" content=\"image\/jpeg\" \/>\n<meta name=\"twitter:card\" content=\"summary_large_image\" \/>\n<script type=\"application\/ld+json\" class=\"yoast-schema-graph\">{\"@context\":\"https:\\\/\\\/schema.org\",\"@graph\":[{\"@type\":\"WebPage\",\"@id\":\"https:\\\/\\\/www.4stars.it\\\/it\\\/termini-e-condizioni\\\/\",\"url\":\"https:\\\/\\\/www.4stars.it\\\/it\\\/termini-e-condizioni\\\/\",\"name\":\"Termini e Condizioni - FourStars\",\"isPartOf\":{\"@id\":\"https:\\\/\\\/www.4stars.it\\\/it\\\/#website\"},\"primaryImageOfPage\":{\"@id\":\"https:\\\/\\\/www.4stars.it\\\/it\\\/termini-e-condizioni\\\/#primaryimage\"},\"image\":{\"@id\":\"https:\\\/\\\/www.4stars.it\\\/it\\\/termini-e-condizioni\\\/#primaryimage\"},\"thumbnailUrl\":\"https:\\\/\\\/www.4stars.it\\\/it\\\/wp-content\\\/uploads\\\/2024\\\/12\\\/termini-e-condizioni.jpg\",\"datePublished\":\"2024-11-18T15:13:48+00:00\",\"dateModified\":\"2024-12-18T17:14:40+00:00\",\"description\":\"Termini e Condizioni: scopri tutte le indicazioni sui termini e condizioni di utilizzo dei servizi di FourStars.\",\"breadcrumb\":{\"@id\":\"https:\\\/\\\/www.4stars.it\\\/it\\\/termini-e-condizioni\\\/#breadcrumb\"},\"inLanguage\":\"it-IT\",\"potentialAction\":[{\"@type\":\"ReadAction\",\"target\":[\"https:\\\/\\\/www.4stars.it\\\/it\\\/termini-e-condizioni\\\/\"]}]},{\"@type\":\"ImageObject\",\"inLanguage\":\"it-IT\",\"@id\":\"https:\\\/\\\/www.4stars.it\\\/it\\\/termini-e-condizioni\\\/#primaryimage\",\"url\":\"https:\\\/\\\/www.4stars.it\\\/it\\\/wp-content\\\/uploads\\\/2024\\\/12\\\/termini-e-condizioni.jpg\",\"contentUrl\":\"https:\\\/\\\/www.4stars.it\\\/it\\\/wp-content\\\/uploads\\\/2024\\\/12\\\/termini-e-condizioni.jpg\",\"width\":1200,\"height\":628,\"caption\":\"termini e condizioni\"},{\"@type\":\"BreadcrumbList\",\"@id\":\"https:\\\/\\\/www.4stars.it\\\/it\\\/termini-e-condizioni\\\/#breadcrumb\",\"itemListElement\":[{\"@type\":\"ListItem\",\"position\":1,\"name\":\"Home\",\"item\":\"https:\\\/\\\/www.4stars.it\\\/it\\\/\"},{\"@type\":\"ListItem\",\"position\":2,\"name\":\"Termini e Condizioni\"}]},{\"@type\":\"WebSite\",\"@id\":\"https:\\\/\\\/www.4stars.it\\\/it\\\/#website\",\"url\":\"https:\\\/\\\/www.4stars.it\\\/it\\\/\",\"name\":\"FourStars\",\"description\":\"\",\"publisher\":{\"@id\":\"https:\\\/\\\/www.4stars.it\\\/it\\\/#organization\"},\"alternateName\":\"4Stars\",\"potentialAction\":[{\"@type\":\"SearchAction\",\"target\":{\"@type\":\"EntryPoint\",\"urlTemplate\":\"https:\\\/\\\/www.4stars.it\\\/it\\\/?s={search_term_string}\"},\"query-input\":{\"@type\":\"PropertyValueSpecification\",\"valueRequired\":true,\"valueName\":\"search_term_string\"}}],\"inLanguage\":\"it-IT\"},{\"@type\":\"Organization\",\"@id\":\"https:\\\/\\\/www.4stars.it\\\/it\\\/#organization\",\"name\":\"FourStars\",\"url\":\"https:\\\/\\\/www.4stars.it\\\/it\\\/\",\"logo\":{\"@type\":\"ImageObject\",\"inLanguage\":\"it-IT\",\"@id\":\"https:\\\/\\\/www.4stars.it\\\/it\\\/#\\\/schema\\\/logo\\\/image\\\/\",\"url\":\"https:\\\/\\\/www.4stars.it\\\/it\\\/wp-content\\\/uploads\\\/2024\\\/11\\\/4stars-logo-payoff.png\",\"contentUrl\":\"https:\\\/\\\/www.4stars.it\\\/it\\\/wp-content\\\/uploads\\\/2024\\\/11\\\/4stars-logo-payoff.png\",\"width\":1000,\"height\":502,\"caption\":\"FourStars\"},\"image\":{\"@id\":\"https:\\\/\\\/www.4stars.it\\\/it\\\/#\\\/schema\\\/logo\\\/image\\\/\"},\"sameAs\":[\"https:\\\/\\\/www.facebook.com\\\/4stars.sportellostage\",\"https:\\\/\\\/it.linkedin.com\\\/company\\\/fourstars-sportellostage\",\"https:\\\/\\\/www.instagram.com\\\/4stars_stage_lavoro\"]}]}<\/script>\n<!-- \/ Yoast SEO plugin. -->","yoast_head_json":{"title":"Termini e Condizioni - FourStars","description":"Termini e Condizioni: scopri tutte le indicazioni sui termini e condizioni di utilizzo dei servizi di FourStars.","robots":{"index":"index","follow":"follow","max-snippet":"max-snippet:-1","max-image-preview":"max-image-preview:large","max-video-preview":"max-video-preview:-1"},"canonical":"https:\/\/www.4stars.it\/it\/termini-e-condizioni\/","og_locale":"it_IT","og_type":"article","og_title":"Termini e Condizioni - FourStars","og_description":"Termini e Condizioni: scopri tutte le indicazioni sui termini e condizioni di utilizzo dei servizi di FourStars.","og_url":"https:\/\/www.4stars.it\/it\/termini-e-condizioni\/","og_site_name":"FourStars","article_publisher":"https:\/\/www.facebook.com\/4stars.sportellostage","article_modified_time":"2024-12-18T17:14:40+00:00","og_image":[{"width":1200,"height":628,"url":"https:\/\/www.4stars.it\/it\/wp-content\/uploads\/2024\/12\/termini-e-condizioni.jpg","type":"image\/jpeg"}],"twitter_card":"summary_large_image","schema":{"@context":"https:\/\/schema.org","@graph":[{"@type":"WebPage","@id":"https:\/\/www.4stars.it\/it\/termini-e-condizioni\/","url":"https:\/\/www.4stars.it\/it\/termini-e-condizioni\/","name":"Termini e Condizioni - FourStars","isPartOf":{"@id":"https:\/\/www.4stars.it\/it\/#website"},"primaryImageOfPage":{"@id":"https:\/\/www.4stars.it\/it\/termini-e-condizioni\/#primaryimage"},"image":{"@id":"https:\/\/www.4stars.it\/it\/termini-e-condizioni\/#primaryimage"},"thumbnailUrl":"https:\/\/www.4stars.it\/it\/wp-content\/uploads\/2024\/12\/termini-e-condizioni.jpg","datePublished":"2024-11-18T15:13:48+00:00","dateModified":"2024-12-18T17:14:40+00:00","description":"Termini e Condizioni: scopri tutte le indicazioni sui termini e condizioni di utilizzo dei servizi di FourStars.","breadcrumb":{"@id":"https:\/\/www.4stars.it\/it\/termini-e-condizioni\/#breadcrumb"},"inLanguage":"it-IT","potentialAction":[{"@type":"ReadAction","target":["https:\/\/www.4stars.it\/it\/termini-e-condizioni\/"]}]},{"@type":"ImageObject","inLanguage":"it-IT","@id":"https:\/\/www.4stars.it\/it\/termini-e-condizioni\/#primaryimage","url":"https:\/\/www.4stars.it\/it\/wp-content\/uploads\/2024\/12\/termini-e-condizioni.jpg","contentUrl":"https:\/\/www.4stars.it\/it\/wp-content\/uploads\/2024\/12\/termini-e-condizioni.jpg","width":1200,"height":628,"caption":"termini e condizioni"},{"@type":"BreadcrumbList","@id":"https:\/\/www.4stars.it\/it\/termini-e-condizioni\/#breadcrumb","itemListElement":[{"@type":"ListItem","position":1,"name":"Home","item":"https:\/\/www.4stars.it\/it\/"},{"@type":"ListItem","position":2,"name":"Termini e Condizioni"}]},{"@type":"WebSite","@id":"https:\/\/www.4stars.it\/it\/#website","url":"https:\/\/www.4stars.it\/it\/","name":"FourStars","description":"","publisher":{"@id":"https:\/\/www.4stars.it\/it\/#organization"},"alternateName":"4Stars","potentialAction":[{"@type":"SearchAction","target":{"@type":"EntryPoint","urlTemplate":"https:\/\/www.4stars.it\/it\/?s={search_term_string}"},"query-input":{"@type":"PropertyValueSpecification","valueRequired":true,"valueName":"search_term_string"}}],"inLanguage":"it-IT"},{"@type":"Organization","@id":"https:\/\/www.4stars.it\/it\/#organization","name":"FourStars","url":"https:\/\/www.4stars.it\/it\/","logo":{"@type":"ImageObject","inLanguage":"it-IT","@id":"https:\/\/www.4stars.it\/it\/#\/schema\/logo\/image\/","url":"https:\/\/www.4stars.it\/it\/wp-content\/uploads\/2024\/11\/4stars-logo-payoff.png","contentUrl":"https:\/\/www.4stars.it\/it\/wp-content\/uploads\/2024\/11\/4stars-logo-payoff.png","width":1000,"height":502,"caption":"FourStars"},"image":{"@id":"https:\/\/www.4stars.it\/it\/#\/schema\/logo\/image\/"},"sameAs":["https:\/\/www.facebook.com\/4stars.sportellostage","https:\/\/it.linkedin.com\/company\/fourstars-sportellostage","https:\/\/www.instagram.com\/4stars_stage_lavoro"]}]}},"_links":{"self":[{"href":"https:\/\/www.4stars.it\/it\/wp-json\/wp\/v2\/pages\/257","targetHints":{"allow":["GET"]}}],"collection":[{"href":"https:\/\/www.4stars.it\/it\/wp-json\/wp\/v2\/pages"}],"about":[{"href":"https:\/\/www.4stars.it\/it\/wp-json\/wp\/v2\/types\/page"}],"author":[{"embeddable":true,"href":"https:\/\/www.4stars.it\/it\/wp-json\/wp\/v2\/users\/2"}],"replies":[{"embeddable":true,"href":"https:\/\/www.4stars.it\/it\/wp-json\/wp\/v2\/comments?post=257"}],"version-history":[{"count":0,"href":"https:\/\/www.4stars.it\/it\/wp-json\/wp\/v2\/pages\/257\/revisions"}],"wp:featuredmedia":[{"embeddable":true,"href":"https:\/\/www.4stars.it\/it\/wp-json\/wp\/v2\/media\/1315"}],"wp:attachment":[{"href":"https:\/\/www.4stars.it\/it\/wp-json\/wp\/v2\/media?parent=257"}],"curies":[{"name":"wp","href":"https:\/\/api.w.org\/{rel}","templated":true}]}}