{"id":3,"date":"2024-11-05T09:29:41","date_gmt":"2024-11-05T08:29:41","guid":{"rendered":"https:\/\/www.4stars.it\/it\/?page_id=3"},"modified":"2026-03-12T18:17:12","modified_gmt":"2026-03-12T17:17:12","slug":"privacy-policy","status":"publish","type":"page","link":"https:\/\/www.4stars.it\/it\/privacy-policy\/","title":{"rendered":"Privacy Policy"},"content":{"rendered":"<div class=\"wpb-content-wrapper\"><p>[vc_section][vc_row][vc_column][vc_empty_space][\/vc_column][\/vc_row][vc_row][vc_column][vc_column_text css=&#8221;&#8221;]<\/p>\n<p>La presente sezione fornisce indicazioni sull&#8217; <strong>Informativa sul trattamento dei dati personali effettuati attraverso il presente sito web <\/strong>ai sensi degli articoli 13 e 14 del Regolamento UE 2016\/679 (GDPR)<\/p>\n<p>Per agevolare la lettura, ti consigliamo di \u201caprire\u201d un paragrafo alla volta.<\/p>\n<p><strong>\u00a0<\/strong><\/p>\n<p>[\/vc_column_text][\/vc_column][\/vc_row][\/vc_section][vc_row][vc_column][vc_toggle title=&#8221;Titolare del trattamento&#8221; css=&#8221;&#8221;]<\/p>\n<p>Il Titolare del trattamento dei dati personali \u00e8 <strong>FourStars S.r.l<\/strong>, sede legale in Via M. Buonarroti 18 &#8211; 20145 Milano (Italia), in persona del <strong>legale rappresentante Dott.ssa Chiara Grosso<\/strong>. \u00c9 possibile contattare il Titolare all\u2019indirizzo e-mail <a href=\"mailto:info@4stars.it\">info@4stars.it<\/a>.<\/p>\n<p>[\/vc_toggle][vc_toggle title=&#8221;Responsabile della protezione dei dati&#8221; css=&#8221;&#8221;]<\/p>\n<p>Il Titolare del trattamento ha nominato un <strong>Responsabile della protezione dei dati esterno,<\/strong> contattabile all\u2019indirizzo e-mail <a href=\"mailto:dpo@4stars.it\">dpo@4stars.it<\/a>.<\/p>\n<p>[\/vc_toggle][vc_toggle title=&#8221;Finalit\u00e0 dei trattamenti svolti attraverso il presente sito web&#8221; css=&#8221;&#8221;]<\/p>\n<p data-pm-slice=\"1 1 []\"><em><strong>Navigazione e cookie<\/strong>: Attraverso questo sito vengono trattati i dati relativi alla navigazione dell\u2019utente e ai cookie, per tale aspetto <strong>si rimanda all\u2019apposita informativa<\/strong>, che viene mostrata all\u2019atto del primo accesso a questo sito web.<\/em><\/p>\n<p><em><strong>Piattaforma:<\/strong> Attraverso questo sito, cliccando su \u201clogin\u201d o \u201cregistrati\u201d \u00e8 possibile accedere o registrarsi alla cd. Piattaforma FourStars, sulla base del consenso dell\u2019utente stesso, espresso mediante la compilazione del relativo form. Si rimanda all\u2019Informativa presente sulla pagina Registrati e\/o Login.<\/em><\/p>\n<p><em><strong>Contatti e richiesta di informazioni:<\/strong> Attraverso questo sito \u00e8 possibile utilizzare form di contatto per chiedere informazioni. I dati inseriti dall\u2019utente richiedente verranno trattati al fine di dare riscontro alla richiesta stessa in base al rapporto precontrattuale tra le parti. I dati contrassegnati dall\u2019asterisco sono obbligatori. In seguito alla richiesta, l\u2019utente verr\u00e0 contattato da uno dei nostri commerciali.<\/em><\/p>\n<p><em><strong>Newsletter<\/strong>: Attraverso questo sito \u00e8 possibile iscriversi alla Newsletter mensile per restare informati sulle novit\u00e0 del mondo del lavoro e del tirocinio e ottenere altri contenuti in anteprima. In particolare, i candidati, riceveranno gli annunci per valutare possibili candidature. L\u2019iscrizione alla newsletter viene fatta dall\u2019utente compilando l\u2019apposita richiesta (base del consenso). L\u2019utente potr\u00e0 in ogni momento cambiare idea e cancellare la propria iscrizione al servizio, senza pregiudizio alcuno per l\u2019erogazione di eventuali altri servizi, utilizzando l\u2019apposito link in calce alle mail. Attenzione: la disiscrizione dalla newsletter non implica la cancellazione dalla Piattaforma, per cancellare il proprio profilo dalla Piattaforma \u00e8 necessario seguire l&#8217;apposito iter.\u00a0<\/em><\/p>\n<p><em><strong>Commentare gli articoli del blog:<\/strong> Attraverso questo sito \u00e8 inoltre possibile lasciare commenti sugli articoli del blog o effettuare richieste relative al contenuto degli articoli. La base giuridica per questo trattamento \u00e8 il consenso dell\u2019utente, dimostrato mediante l\u2019invio del commento. Il nome richiesto in sede di compilazione del form verr\u00e0 riproposto nella risposta (non \u00e8 presente alcun controllo sul nome inserito, che pu\u00f2 essere anche di fantasia). Prima di lasciare un commento, invitiamo a leggere attentamente i nostri\u00a0<a class=\"ProsemirrorEditor-link\" href=\"https:\/\/www.4stars.it\/it\/termini-e-condizioni\/\">Termini e Condizioni<\/a>.<\/em><\/p>\n<p>[\/vc_toggle][vc_toggle title=&#8221;Modalit\u00e0 di trattamento e area geografica del trattamento&#8221; css=&#8221;&#8221;]<\/p>\n<p data-pm-slice=\"1 1 []\"><em>Il trattamento dei dati degli utenti viene effettuato in Italia con strumenti informatici di FourStars S.r.l. o forniti da soggetti terzi. Non sono previsti trattamenti automatizzati n\u00e9 trasferimenti dei dati al di fuori dell\u2019Unione Europea. Si informa che per la gestione delle finalit\u00e0 di cui sopra o per la manutenzione dei sistemi informatici, FourStars S.r.l. potr\u00e0 avvalersi di personale esterno, nominato Responsabile del trattamento, che operer\u00e0 secondo le istruzioni fornite e nel rispetto dei principi stabiliti dal Regolamento UE 2016\/679.<\/em><\/p>\n<p>[\/vc_toggle][vc_toggle title=&#8221;Diritti dell\u2019utente&#8221; css=&#8221;&#8221;]<\/p>\n<p>Sussistendone i presupposti, <strong>scrivendo al Titolare o al Responsabile della Protezione dei dati, l&#8217;utente ha il diritto di esercitare i propri diritti<\/strong> sotto meglio specificati:<\/p>\n<p>&#8211; diritto di <strong>ottenere l&#8217;accesso ai propri dati e di ricevere una copia<\/strong> dei dati personali oggetto di trattamento (art. 15 GDPR);<\/p>\n<p>&#8211; diritto di <strong>ottenere dal Titolare del trattamento la rettifica dei dati<\/strong> personali inesatti che lo riguardano (art. 16 GDPR);<\/p>\n<p>&#8211; diritto di <strong>ottenere dal Titolare del trattamento la cancellazione dei dati<\/strong> personali che lo riguardano senza ingiustificato ritardo (diritto all&#8217;oblio, art. 17 GDPR);<\/p>\n<p>&#8211; diritto alla <strong>limitazione di trattamento<\/strong> (art. 18 GDPR);<\/p>\n<p>&#8211; diritto alla <strong>portabilit\u00e0 dei dati,<\/strong> ossia il diritto di ricevere i dati personali che lo riguardano e\/o di trasmettere tali dati ad altro titolare di trattamento senza impedimenti da parte del Titolare (art. 20 GDPR);<\/p>\n<p>&#8211; diritto all&#8217;<strong>opposizione<\/strong> (art. 21 GDPR);<\/p>\n<p>&#8211; diritto di <strong>non essere sottoposto a una decisione basata unicamente sul trattamento automatizzato<\/strong>, compresa la profilazione o che incida significativamente sulla sua persona (art. 22 GDPR);<\/p>\n<p>&#8211; diritto di <strong>proporre un reclamo all\u2019Autorit\u00e0 Garante<\/strong> o di far valere i propri diritti sede giudiziaria.<\/p>\n<p>[\/vc_toggle][vc_toggle title=&#8221;Misure di sicurezza&#8221; css=&#8221;&#8221;]<\/p>\n<p>FourStars S.r.l. applica misure di sicurezza di diversa natura per garantire che i\u00a0<strong>dati personali e le informazioni trattate<\/strong>\u00a0nell\u2019esecuzione delle sue attivit\u00e0 siano sempre\u00a0<strong>riservati, integri e disponibili.<\/strong><\/p>\n<p>Per maggiori dettagli, scarica la <a href=\"https:\/\/www.4stars.it\/downloadDocumenti\/sito-srl-sicurezza\/politica_sicurezza.pdf\"><strong>Politica per la sicurezza delle Informazioni<\/strong><\/a><\/p>\n<p>[\/vc_toggle][\/vc_column][\/vc_row]<\/p>\n<\/div>","protected":false},"excerpt":{"rendered":"<p>[vc_section][vc_row][vc_column][vc_empty_space][\/vc_column][\/vc_row][vc_row][vc_column][vc_column_text css=&#8221;&#8221;] La presente sezione fornisce indicazioni sull&#8217; Informativa sul trattamento dei dati personali effettuati attraverso il presente sito web ai sensi degli articoli 13 e 14 del Regolamento UE 2016\/679 (GDPR) Per agevolare la lettura, ti consigliamo di \u201caprire\u201d un paragrafo alla volta. \u00a0 [\/vc_column_text][\/vc_column][\/vc_row][\/vc_section][vc_row][vc_column][vc_toggle title=&#8221;Titolare del trattamento&#8221; css=&#8221;&#8221;] Il Titolare del trattamento dei [&hellip;]<\/p>\n","protected":false},"author":2,"featured_media":1307,"parent":0,"menu_order":999,"comment_status":"closed","ping_status":"closed","template":"","meta":{"_acf_changed":false,"footnotes":""},"class_list":["post-3","page","type-page","status-publish","hentry"],"acf":[],"yoast_head":"<!-- This site is optimized with the Yoast SEO plugin v27.5 - https:\/\/yoast.com\/product\/yoast-seo-wordpress\/ -->\n<title>Privacy Policy FourStars<\/title>\n<meta name=\"description\" content=\"Privacy Policy: tutte le indicazioni sul trattamento dei dati effettuato da FourStars nell&#039;erogazione dei servizi ad Aziende e Candidati\" \/>\n<meta name=\"robots\" content=\"index, follow, max-snippet:-1, max-image-preview:large, max-video-preview:-1\" \/>\n<link rel=\"canonical\" href=\"https:\/\/www.4stars.it\/it\/privacy-policy\/\" \/>\n<meta property=\"og:locale\" content=\"it_IT\" \/>\n<meta property=\"og:type\" content=\"article\" \/>\n<meta property=\"og:title\" content=\"Privacy Policy FourStars\" \/>\n<meta property=\"og:description\" content=\"Privacy Policy: tutte le indicazioni sul trattamento dei dati effettuato da FourStars nell&#039;erogazione dei servizi ad Aziende e Candidati\" \/>\n<meta property=\"og:url\" content=\"https:\/\/www.4stars.it\/it\/privacy-policy\/\" \/>\n<meta property=\"og:site_name\" content=\"FourStars\" \/>\n<meta property=\"article:publisher\" content=\"https:\/\/www.facebook.com\/4stars.sportellostage\" \/>\n<meta property=\"article:modified_time\" content=\"2026-03-12T17:17:12+00:00\" \/>\n<meta property=\"og:image\" content=\"https:\/\/www.4stars.it\/it\/wp-content\/uploads\/2024\/12\/privacy-policy.jpg\" \/>\n\t<meta property=\"og:image:width\" content=\"1200\" \/>\n\t<meta property=\"og:image:height\" content=\"628\" \/>\n\t<meta property=\"og:image:type\" content=\"image\/jpeg\" \/>\n<meta name=\"twitter:card\" content=\"summary_large_image\" \/>\n<script type=\"application\/ld+json\" class=\"yoast-schema-graph\">{\"@context\":\"https:\\\/\\\/schema.org\",\"@graph\":[{\"@type\":\"WebPage\",\"@id\":\"https:\\\/\\\/www.4stars.it\\\/it\\\/privacy-policy\\\/\",\"url\":\"https:\\\/\\\/www.4stars.it\\\/it\\\/privacy-policy\\\/\",\"name\":\"Privacy Policy FourStars\",\"isPartOf\":{\"@id\":\"https:\\\/\\\/www.4stars.it\\\/it\\\/#website\"},\"primaryImageOfPage\":{\"@id\":\"https:\\\/\\\/www.4stars.it\\\/it\\\/privacy-policy\\\/#primaryimage\"},\"image\":{\"@id\":\"https:\\\/\\\/www.4stars.it\\\/it\\\/privacy-policy\\\/#primaryimage\"},\"thumbnailUrl\":\"https:\\\/\\\/www.4stars.it\\\/it\\\/wp-content\\\/uploads\\\/2024\\\/12\\\/privacy-policy.jpg\",\"datePublished\":\"2024-11-05T08:29:41+00:00\",\"dateModified\":\"2026-03-12T17:17:12+00:00\",\"description\":\"Privacy Policy: tutte le indicazioni sul trattamento dei dati effettuato da FourStars nell'erogazione dei servizi ad Aziende e Candidati\",\"breadcrumb\":{\"@id\":\"https:\\\/\\\/www.4stars.it\\\/it\\\/privacy-policy\\\/#breadcrumb\"},\"inLanguage\":\"it-IT\",\"potentialAction\":[{\"@type\":\"ReadAction\",\"target\":[\"https:\\\/\\\/www.4stars.it\\\/it\\\/privacy-policy\\\/\"]}]},{\"@type\":\"ImageObject\",\"inLanguage\":\"it-IT\",\"@id\":\"https:\\\/\\\/www.4stars.it\\\/it\\\/privacy-policy\\\/#primaryimage\",\"url\":\"https:\\\/\\\/www.4stars.it\\\/it\\\/wp-content\\\/uploads\\\/2024\\\/12\\\/privacy-policy.jpg\",\"contentUrl\":\"https:\\\/\\\/www.4stars.it\\\/it\\\/wp-content\\\/uploads\\\/2024\\\/12\\\/privacy-policy.jpg\",\"width\":1200,\"height\":628,\"caption\":\"privacy policy\"},{\"@type\":\"BreadcrumbList\",\"@id\":\"https:\\\/\\\/www.4stars.it\\\/it\\\/privacy-policy\\\/#breadcrumb\",\"itemListElement\":[{\"@type\":\"ListItem\",\"position\":1,\"name\":\"Home\",\"item\":\"https:\\\/\\\/www.4stars.it\\\/it\\\/\"},{\"@type\":\"ListItem\",\"position\":2,\"name\":\"Privacy Policy\"}]},{\"@type\":\"WebSite\",\"@id\":\"https:\\\/\\\/www.4stars.it\\\/it\\\/#website\",\"url\":\"https:\\\/\\\/www.4stars.it\\\/it\\\/\",\"name\":\"FourStars\",\"description\":\"\",\"publisher\":{\"@id\":\"https:\\\/\\\/www.4stars.it\\\/it\\\/#organization\"},\"alternateName\":\"4Stars\",\"potentialAction\":[{\"@type\":\"SearchAction\",\"target\":{\"@type\":\"EntryPoint\",\"urlTemplate\":\"https:\\\/\\\/www.4stars.it\\\/it\\\/?s={search_term_string}\"},\"query-input\":{\"@type\":\"PropertyValueSpecification\",\"valueRequired\":true,\"valueName\":\"search_term_string\"}}],\"inLanguage\":\"it-IT\"},{\"@type\":\"Organization\",\"@id\":\"https:\\\/\\\/www.4stars.it\\\/it\\\/#organization\",\"name\":\"FourStars\",\"url\":\"https:\\\/\\\/www.4stars.it\\\/it\\\/\",\"logo\":{\"@type\":\"ImageObject\",\"inLanguage\":\"it-IT\",\"@id\":\"https:\\\/\\\/www.4stars.it\\\/it\\\/#\\\/schema\\\/logo\\\/image\\\/\",\"url\":\"https:\\\/\\\/www.4stars.it\\\/it\\\/wp-content\\\/uploads\\\/2024\\\/11\\\/4stars-logo-payoff.png\",\"contentUrl\":\"https:\\\/\\\/www.4stars.it\\\/it\\\/wp-content\\\/uploads\\\/2024\\\/11\\\/4stars-logo-payoff.png\",\"width\":1000,\"height\":502,\"caption\":\"FourStars\"},\"image\":{\"@id\":\"https:\\\/\\\/www.4stars.it\\\/it\\\/#\\\/schema\\\/logo\\\/image\\\/\"},\"sameAs\":[\"https:\\\/\\\/www.facebook.com\\\/4stars.sportellostage\",\"https:\\\/\\\/it.linkedin.com\\\/company\\\/fourstars-sportellostage\",\"https:\\\/\\\/www.instagram.com\\\/4stars_stage_lavoro\"]}]}<\/script>\n<!-- \/ Yoast SEO plugin. -->","yoast_head_json":{"title":"Privacy Policy FourStars","description":"Privacy Policy: tutte le indicazioni sul trattamento dei dati effettuato da FourStars nell'erogazione dei servizi ad Aziende e Candidati","robots":{"index":"index","follow":"follow","max-snippet":"max-snippet:-1","max-image-preview":"max-image-preview:large","max-video-preview":"max-video-preview:-1"},"canonical":"https:\/\/www.4stars.it\/it\/privacy-policy\/","og_locale":"it_IT","og_type":"article","og_title":"Privacy Policy FourStars","og_description":"Privacy Policy: tutte le indicazioni sul trattamento dei dati effettuato da FourStars nell'erogazione dei servizi ad Aziende e Candidati","og_url":"https:\/\/www.4stars.it\/it\/privacy-policy\/","og_site_name":"FourStars","article_publisher":"https:\/\/www.facebook.com\/4stars.sportellostage","article_modified_time":"2026-03-12T17:17:12+00:00","og_image":[{"width":1200,"height":628,"url":"https:\/\/www.4stars.it\/it\/wp-content\/uploads\/2024\/12\/privacy-policy.jpg","type":"image\/jpeg"}],"twitter_card":"summary_large_image","schema":{"@context":"https:\/\/schema.org","@graph":[{"@type":"WebPage","@id":"https:\/\/www.4stars.it\/it\/privacy-policy\/","url":"https:\/\/www.4stars.it\/it\/privacy-policy\/","name":"Privacy Policy FourStars","isPartOf":{"@id":"https:\/\/www.4stars.it\/it\/#website"},"primaryImageOfPage":{"@id":"https:\/\/www.4stars.it\/it\/privacy-policy\/#primaryimage"},"image":{"@id":"https:\/\/www.4stars.it\/it\/privacy-policy\/#primaryimage"},"thumbnailUrl":"https:\/\/www.4stars.it\/it\/wp-content\/uploads\/2024\/12\/privacy-policy.jpg","datePublished":"2024-11-05T08:29:41+00:00","dateModified":"2026-03-12T17:17:12+00:00","description":"Privacy Policy: tutte le indicazioni sul trattamento dei dati effettuato da FourStars nell'erogazione dei servizi ad Aziende e Candidati","breadcrumb":{"@id":"https:\/\/www.4stars.it\/it\/privacy-policy\/#breadcrumb"},"inLanguage":"it-IT","potentialAction":[{"@type":"ReadAction","target":["https:\/\/www.4stars.it\/it\/privacy-policy\/"]}]},{"@type":"ImageObject","inLanguage":"it-IT","@id":"https:\/\/www.4stars.it\/it\/privacy-policy\/#primaryimage","url":"https:\/\/www.4stars.it\/it\/wp-content\/uploads\/2024\/12\/privacy-policy.jpg","contentUrl":"https:\/\/www.4stars.it\/it\/wp-content\/uploads\/2024\/12\/privacy-policy.jpg","width":1200,"height":628,"caption":"privacy policy"},{"@type":"BreadcrumbList","@id":"https:\/\/www.4stars.it\/it\/privacy-policy\/#breadcrumb","itemListElement":[{"@type":"ListItem","position":1,"name":"Home","item":"https:\/\/www.4stars.it\/it\/"},{"@type":"ListItem","position":2,"name":"Privacy Policy"}]},{"@type":"WebSite","@id":"https:\/\/www.4stars.it\/it\/#website","url":"https:\/\/www.4stars.it\/it\/","name":"FourStars","description":"","publisher":{"@id":"https:\/\/www.4stars.it\/it\/#organization"},"alternateName":"4Stars","potentialAction":[{"@type":"SearchAction","target":{"@type":"EntryPoint","urlTemplate":"https:\/\/www.4stars.it\/it\/?s={search_term_string}"},"query-input":{"@type":"PropertyValueSpecification","valueRequired":true,"valueName":"search_term_string"}}],"inLanguage":"it-IT"},{"@type":"Organization","@id":"https:\/\/www.4stars.it\/it\/#organization","name":"FourStars","url":"https:\/\/www.4stars.it\/it\/","logo":{"@type":"ImageObject","inLanguage":"it-IT","@id":"https:\/\/www.4stars.it\/it\/#\/schema\/logo\/image\/","url":"https:\/\/www.4stars.it\/it\/wp-content\/uploads\/2024\/11\/4stars-logo-payoff.png","contentUrl":"https:\/\/www.4stars.it\/it\/wp-content\/uploads\/2024\/11\/4stars-logo-payoff.png","width":1000,"height":502,"caption":"FourStars"},"image":{"@id":"https:\/\/www.4stars.it\/it\/#\/schema\/logo\/image\/"},"sameAs":["https:\/\/www.facebook.com\/4stars.sportellostage","https:\/\/it.linkedin.com\/company\/fourstars-sportellostage","https:\/\/www.instagram.com\/4stars_stage_lavoro"]}]}},"_links":{"self":[{"href":"https:\/\/www.4stars.it\/it\/wp-json\/wp\/v2\/pages\/3","targetHints":{"allow":["GET"]}}],"collection":[{"href":"https:\/\/www.4stars.it\/it\/wp-json\/wp\/v2\/pages"}],"about":[{"href":"https:\/\/www.4stars.it\/it\/wp-json\/wp\/v2\/types\/page"}],"author":[{"embeddable":true,"href":"https:\/\/www.4stars.it\/it\/wp-json\/wp\/v2\/users\/2"}],"replies":[{"embeddable":true,"href":"https:\/\/www.4stars.it\/it\/wp-json\/wp\/v2\/comments?post=3"}],"version-history":[{"count":6,"href":"https:\/\/www.4stars.it\/it\/wp-json\/wp\/v2\/pages\/3\/revisions"}],"predecessor-version":[{"id":2281,"href":"https:\/\/www.4stars.it\/it\/wp-json\/wp\/v2\/pages\/3\/revisions\/2281"}],"wp:featuredmedia":[{"embeddable":true,"href":"https:\/\/www.4stars.it\/it\/wp-json\/wp\/v2\/media\/1307"}],"wp:attachment":[{"href":"https:\/\/www.4stars.it\/it\/wp-json\/wp\/v2\/media?parent=3"}],"curies":[{"name":"wp","href":"https:\/\/api.w.org\/{rel}","templated":true}]}}